{"id":72,"date":"2012-10-29T12:39:05","date_gmt":"2012-10-29T11:39:05","guid":{"rendered":"http:\/\/choeurdesecrins.wordpress.com\/?page_id=72"},"modified":"2013-09-24T12:37:13","modified_gmt":"2013-09-24T11:37:13","slug":"les-partenaires","status":"publish","type":"page","link":"https:\/\/www.choeurdesecrins.fr\/?page_id=72","title":{"rendered":"Les partenaires"},"content":{"rendered":"<p>Les organismes publics :<\/p>\n<p>Minist\u00e8re de la Culture<br \/>\nD\u00e9partement (Conseil G\u00e9n\u00e9ral)<br \/>\nCommunaut\u00e9 de Communes des Vall\u00e9es du Valbonnais<br \/>\nCommune de Sousville<br \/>\nCommune de Cholonge<br \/>\nOffice de tourisme du Valbonnais<\/p>\n<p>Les organismes priv\u00e9s :<\/p>\n<p>Madame Nathalie Vermillard (cr\u00e9atrice du logo)<\/p>\n<p>Madame Rose-Aim\u00e9e Vigne (Affiches)<\/p>\n<div id=\"attachment_83\" style=\"width: 310px\" class=\"wp-caption aligncenter\"><a href=\"http:\/\/www.choeurdesecrins.fr\/wp-content\/uploads\/2013\/04\/lacvalbonnais1.jpg\"><img loading=\"lazy\" decoding=\"async\" aria-describedby=\"caption-attachment-83\" class=\"size-medium wp-image-83\" alt=\"Le lac\" src=\"http:\/\/www.choeurdesecrins.fr\/wp-content\/uploads\/2013\/04\/lacvalbonnais1-300x225.jpg\" width=\"300\" height=\"225\" srcset=\"https:\/\/www.choeurdesecrins.fr\/wp-content\/uploads\/2013\/04\/lacvalbonnais1-300x225.jpg 300w, https:\/\/www.choeurdesecrins.fr\/wp-content\/uploads\/2013\/04\/lacvalbonnais1.jpg 425w\" sizes=\"(max-width: 300px) 100vw, 300px\" \/><\/a><p id=\"caption-attachment-83\" class=\"wp-caption-text\">Le lac<\/p><\/div>\n<p><a href=\"http:\/\/www.choeurdesecrins.fr\/wp-content\/uploads\/2013\/04\/logootvalb.bmp\"><img decoding=\"async\" class=\"aligncenter size-full wp-image-84\" alt=\"logootvalb\" src=\"http:\/\/www.choeurdesecrins.fr\/wp-content\/uploads\/2013\/04\/logootvalb.bmp\" \/><\/a><\/p>\n","protected":false},"excerpt":{"rendered":"<p>Les organismes publics : Minist\u00e8re de la Culture D\u00e9partement (Conseil G\u00e9n\u00e9ral) Communaut\u00e9 de Communes des Vall\u00e9es du Valbonnais Commune de Sousville Commune de Cholonge Office de tourisme du Valbonnais Les organismes priv\u00e9s : Madame Nathalie Vermillard (cr\u00e9atrice du logo) Madame &hellip; <a href=\"https:\/\/www.choeurdesecrins.fr\/?page_id=72\">Continuer la lecture <span class=\"meta-nav\">&rarr;<\/span><\/a><\/p>\n","protected":false},"author":3,"featured_media":0,"parent":10,"menu_order":3,"comment_status":"closed","ping_status":"closed","template":"","meta":{"footnotes":""},"_links":{"self":[{"href":"https:\/\/www.choeurdesecrins.fr\/index.php?rest_route=\/wp\/v2\/pages\/72"}],"collection":[{"href":"https:\/\/www.choeurdesecrins.fr\/index.php?rest_route=\/wp\/v2\/pages"}],"about":[{"href":"https:\/\/www.choeurdesecrins.fr\/index.php?rest_route=\/wp\/v2\/types\/page"}],"author":[{"embeddable":true,"href":"https:\/\/www.choeurdesecrins.fr\/index.php?rest_route=\/wp\/v2\/users\/3"}],"replies":[{"embeddable":true,"href":"https:\/\/www.choeurdesecrins.fr\/index.php?rest_route=%2Fwp%2Fv2%2Fcomments&post=72"}],"version-history":[{"count":4,"href":"https:\/\/www.choeurdesecrins.fr\/index.php?rest_route=\/wp\/v2\/pages\/72\/revisions"}],"predecessor-version":[{"id":424,"href":"https:\/\/www.choeurdesecrins.fr\/index.php?rest_route=\/wp\/v2\/pages\/72\/revisions\/424"}],"up":[{"embeddable":true,"href":"https:\/\/www.choeurdesecrins.fr\/index.php?rest_route=\/wp\/v2\/pages\/10"}],"wp:attachment":[{"href":"https:\/\/www.choeurdesecrins.fr\/index.php?rest_route=%2Fwp%2Fv2%2Fmedia&parent=72"}],"curies":[{"name":"wp","href":"https:\/\/api.w.org\/{rel}","templated":true}]}}