{"id":65,"date":"2012-10-29T12:34:21","date_gmt":"2012-10-29T11:34:21","guid":{"rendered":"http:\/\/choeurdesecrins.wordpress.com\/?page_id=65"},"modified":"2013-07-17T20:06:24","modified_gmt":"2013-07-17T19:06:24","slug":"administration","status":"publish","type":"page","link":"https:\/\/www.choeurdesecrins.fr\/?page_id=65","title":{"rendered":"Administration"},"content":{"rendered":"<p><strong>Administration<\/strong><\/p>\n<p>Le ch\u0153ur \u00e9volue au sein de l\u2019Association des \u00ab Vall\u00e9es du Valbonnais \u00bb, qui compte environ deux cents adh\u00e9rents. Un bureau ex\u00e9cutif \u00e9lu pour 3 ans en g\u00e8re le fonctionnement. Le renouvellement du bureau a eu lieu en octobre 2011.<\/p>\n<p>Il est plac\u00e9 sous la Pr\u00e9sidence honoraire de :<\/p>\n<p>&#8211; Madame la D\u00e9put\u00e9e de la quatri\u00e8me Circonscription de l\u2019Is\u00e8re<br \/>\n&#8211; Monsieur le Conseiller G\u00e9n\u00e9ral du Canton de Valbonnais<br \/>\n&#8211; Monsieur le Pr\u00e9sident de la Communaut\u00e9 des Communes du Valbonnais<br \/>\n&#8211; Mesdames et Messieurs les Maires et Personnalit\u00e9s \u00e9lues du Canton de Valbonnais.<\/p>\n<div id=\"attachment_80\" style=\"width: 310px\" class=\"wp-caption aligncenter\"><a href=\"http:\/\/www.choeurdesecrins.fr\/wp-content\/uploads\/2013\/04\/chorale1001.jpg\"><img loading=\"lazy\" decoding=\"async\" aria-describedby=\"caption-attachment-80\" src=\"http:\/\/www.choeurdesecrins.fr\/wp-content\/uploads\/2013\/04\/chorale1001-300x199.jpg\" alt=\"Chorale orange\" width=\"300\" height=\"199\" class=\"size-medium wp-image-80\" srcset=\"https:\/\/www.choeurdesecrins.fr\/wp-content\/uploads\/2013\/04\/chorale1001-300x199.jpg 300w, https:\/\/www.choeurdesecrins.fr\/wp-content\/uploads\/2013\/04\/chorale1001.jpg 500w\" sizes=\"(max-width: 300px) 100vw, 300px\" \/><\/a><p id=\"caption-attachment-80\" class=\"wp-caption-text\">Chorale orange<\/p><\/div>\n","protected":false},"excerpt":{"rendered":"<p>Administration Le ch\u0153ur \u00e9volue au sein de l\u2019Association des \u00ab Vall\u00e9es du Valbonnais \u00bb, qui compte environ deux cents adh\u00e9rents. Un bureau ex\u00e9cutif \u00e9lu pour 3 ans en g\u00e8re le fonctionnement. Le renouvellement du bureau a eu lieu en octobre &hellip; <a href=\"https:\/\/www.choeurdesecrins.fr\/?page_id=65\">Continuer la lecture <span class=\"meta-nav\">&rarr;<\/span><\/a><\/p>\n","protected":false},"author":3,"featured_media":0,"parent":10,"menu_order":1,"comment_status":"closed","ping_status":"closed","template":"","meta":{"footnotes":""},"_links":{"self":[{"href":"https:\/\/www.choeurdesecrins.fr\/index.php?rest_route=\/wp\/v2\/pages\/65"}],"collection":[{"href":"https:\/\/www.choeurdesecrins.fr\/index.php?rest_route=\/wp\/v2\/pages"}],"about":[{"href":"https:\/\/www.choeurdesecrins.fr\/index.php?rest_route=\/wp\/v2\/types\/page"}],"author":[{"embeddable":true,"href":"https:\/\/www.choeurdesecrins.fr\/index.php?rest_route=\/wp\/v2\/users\/3"}],"replies":[{"embeddable":true,"href":"https:\/\/www.choeurdesecrins.fr\/index.php?rest_route=%2Fwp%2Fv2%2Fcomments&post=65"}],"version-history":[{"count":6,"href":"https:\/\/www.choeurdesecrins.fr\/index.php?rest_route=\/wp\/v2\/pages\/65\/revisions"}],"predecessor-version":[{"id":373,"href":"https:\/\/www.choeurdesecrins.fr\/index.php?rest_route=\/wp\/v2\/pages\/65\/revisions\/373"}],"up":[{"embeddable":true,"href":"https:\/\/www.choeurdesecrins.fr\/index.php?rest_route=\/wp\/v2\/pages\/10"}],"wp:attachment":[{"href":"https:\/\/www.choeurdesecrins.fr\/index.php?rest_route=%2Fwp%2Fv2%2Fmedia&parent=65"}],"curies":[{"name":"wp","href":"https:\/\/api.w.org\/{rel}","templated":true}]}}