{"id":6,"date":"2018-11-07T19:45:26","date_gmt":"2018-11-07T18:45:26","guid":{"rendered":"http:\/\/choeurdesecrins.wordpress.com\/?page_id=6"},"modified":"2018-11-07T19:45:21","modified_gmt":"2018-11-07T18:45:21","slug":"membres","status":"publish","type":"page","link":"https:\/\/www.choeurdesecrins.fr\/?page_id=6","title":{"rendered":"Membres"},"content":{"rendered":"<p><strong>Les choristes<\/strong><\/p>\n<p>Leur nombre varie entre 30 et 40, selon les disponibilit\u00e9s des personnes.<br \/>\nIls sont r\u00e9partis en quatre pupitres :<\/p>\n<table>\n<tbody>\n<tr>\n<td><strong>Alti<\/strong><\/td>\n<td><strong>Soprani<\/strong><\/td>\n<td><strong>Basses<\/strong><\/td>\n<td><strong>T\u00e9nors \/ Barytons<\/strong><\/td>\n<\/tr>\n<tr>\n<td>Adobati Rose<\/td>\n<td>\u00a0Guignier Marie-Ang\u00e8le<\/td>\n<td>Curt Serge<\/td>\n<td>Cl\u00e9ment Yves<\/td>\n<\/tr>\n<tr>\n<td>Furling Anita<\/td>\n<td>Blanc Louise<\/td>\n<td>Massait Patrice<\/td>\n<td>\u00a0Vigne Georges<\/td>\n<\/tr>\n<tr>\n<td>Berthier Marie-Jeanne<\/td>\n<td>Poissonnier Sabine<\/td>\n<td>Dussert Gilbert<\/td>\n<td>Guignier Andr\u00e9<\/td>\n<\/tr>\n<tr>\n<td>Bonnois Laurette<\/td>\n<td>\u00a0Ritton Annie<\/td>\n<td>Guidetti Alain<\/td>\n<td>Procacci Ga\u00ebtan<\/td>\n<\/tr>\n<tr>\n<td>Moisand Elise<\/td>\n<td>Gruca Lucette<\/td>\n<td><\/td>\n<td>Stouque Guy<\/td>\n<\/tr>\n<tr>\n<td>Clot Fran\u00e7oise<\/td>\n<td>Mac\u00e9 Yvette<\/td>\n<td><\/td>\n<td><\/td>\n<\/tr>\n<tr>\n<td>Lopez Christiane<\/td>\n<td>Manshanden Anneke<\/td>\n<td><\/td>\n<td><\/td>\n<\/tr>\n<tr>\n<td>Dussert Sylvaine<\/td>\n<td>Procacci Christiane<\/td>\n<td><\/td>\n<td><\/td>\n<\/tr>\n<tr>\n<td>Galvin Francine<\/td>\n<td>Coignard \u00a0Marie- Amande<\/td>\n<td><\/td>\n<td><\/td>\n<\/tr>\n<tr>\n<td>Cretton Laurence<\/td>\n<td>\u00a0Massait Dominique<\/td>\n<td><\/td>\n<td><\/td>\n<\/tr>\n<tr>\n<td>L\u00e9v\u00eaque Dani\u00e8le<\/td>\n<td><\/td>\n<td><\/td>\n<td><\/td>\n<\/tr>\n<tr>\n<td>Loso Jessica<\/td>\n<td><\/td>\n<td><\/td>\n<td><\/td>\n<\/tr>\n<tr>\n<td><\/td>\n<td><\/td>\n<td><\/td>\n<td><\/td>\n<\/tr>\n<tr>\n<td><\/td>\n<td><\/td>\n<td><\/td>\n<td><\/td>\n<\/tr>\n<tr>\n<td><\/td>\n<td><\/td>\n<td><\/td>\n<td><\/td>\n<\/tr>\n<\/tbody>\n<\/table>\n<div id='gallery-1' class='gallery galleryid-6 gallery-columns-3 gallery-size-thumbnail'><dl class='gallery-item'>\n\t\t\t<dt class='gallery-icon landscape'>\n\t\t\t\t<a href='https:\/\/www.choeurdesecrins.fr\/?attachment_id=91'><img loading=\"lazy\" decoding=\"async\" width=\"150\" height=\"150\" src=\"https:\/\/www.choeurdesecrins.fr\/wp-content\/uploads\/2013\/04\/Accord\u00e9on-Gauch-Claude-150x150.jpg\" class=\"attachment-thumbnail size-thumbnail\" alt=\"\" aria-describedby=\"gallery-1-91\" \/><\/a>\n\t\t\t<\/dt>\n\t\t\t\t<dd class='wp-caption-text gallery-caption' id='gallery-1-91'>\n\t\t\t\tAccord\u00e9on &#8211; Gauch Claude\n\t\t\t\t<\/dd><\/dl><dl class='gallery-item'>\n\t\t\t<dt class='gallery-icon landscape'>\n\t\t\t\t<a href='https:\/\/www.choeurdesecrins.fr\/?attachment_id=93'><img loading=\"lazy\" decoding=\"async\" width=\"150\" height=\"150\" src=\"https:\/\/www.choeurdesecrins.fr\/wp-content\/uploads\/2013\/04\/Guitare-acoustique-Sarret-Jean-Louis-150x150.jpg\" class=\"attachment-thumbnail size-thumbnail\" alt=\"\" aria-describedby=\"gallery-1-93\" \/><\/a>\n\t\t\t<\/dt>\n\t\t\t\t<dd class='wp-caption-text gallery-caption' id='gallery-1-93'>\n\t\t\t\tGuitare acoustique &#8211; Sarret Jean-Louis\n\t\t\t\t<\/dd><\/dl><dl class='gallery-item'>\n\t\t\t<dt class='gallery-icon landscape'>\n\t\t\t\t<a href='https:\/\/www.choeurdesecrins.fr\/?attachment_id=94'><img loading=\"lazy\" decoding=\"async\" width=\"150\" height=\"150\" src=\"https:\/\/www.choeurdesecrins.fr\/wp-content\/uploads\/2013\/04\/Percussions-Vigne-Maurice-150x150.jpg\" class=\"attachment-thumbnail size-thumbnail\" alt=\"\" aria-describedby=\"gallery-1-94\" \/><\/a>\n\t\t\t<\/dt>\n\t\t\t\t<dd class='wp-caption-text gallery-caption' id='gallery-1-94'>\n\t\t\t\tPercussions &#8211; Vigne Maurice\n\t\t\t\t<\/dd><\/dl><br style=\"clear: both\" \/><dl class='gallery-item'>\n\t\t\t<dt class='gallery-icon landscape'>\n\t\t\t\t<a href='https:\/\/www.choeurdesecrins.fr\/?attachment_id=141'><img loading=\"lazy\" decoding=\"async\" width=\"150\" height=\"150\" src=\"https:\/\/www.choeurdesecrins.fr\/wp-content\/uploads\/2013\/04\/Plogistic1-150x150.jpg\" class=\"attachment-thumbnail size-thumbnail\" alt=\"\" \/><\/a>\n\t\t\t<\/dt><\/dl>\n\t\t\t<br style='clear: both' \/>\n\t\t<\/div>\n\n","protected":false},"excerpt":{"rendered":"<p>Les choristes Leur nombre varie entre 30 et 40, selon les disponibilit\u00e9s des personnes. Ils sont r\u00e9partis en quatre pupitres : Alti Soprani Basses T\u00e9nors \/ Barytons Adobati Rose \u00a0Guignier Marie-Ang\u00e8le Curt Serge Cl\u00e9ment Yves Furling Anita Blanc Louise Massait &hellip; <a href=\"https:\/\/www.choeurdesecrins.fr\/?page_id=6\">Continuer la lecture <span class=\"meta-nav\">&rarr;<\/span><\/a><\/p>\n","protected":false},"author":3,"featured_media":0,"parent":0,"menu_order":2,"comment_status":"closed","ping_status":"closed","template":"","meta":{"footnotes":""},"_links":{"self":[{"href":"https:\/\/www.choeurdesecrins.fr\/index.php?rest_route=\/wp\/v2\/pages\/6"}],"collection":[{"href":"https:\/\/www.choeurdesecrins.fr\/index.php?rest_route=\/wp\/v2\/pages"}],"about":[{"href":"https:\/\/www.choeurdesecrins.fr\/index.php?rest_route=\/wp\/v2\/types\/page"}],"author":[{"embeddable":true,"href":"https:\/\/www.choeurdesecrins.fr\/index.php?rest_route=\/wp\/v2\/users\/3"}],"replies":[{"embeddable":true,"href":"https:\/\/www.choeurdesecrins.fr\/index.php?rest_route=%2Fwp%2Fv2%2Fcomments&post=6"}],"version-history":[{"count":9,"href":"https:\/\/www.choeurdesecrins.fr\/index.php?rest_route=\/wp\/v2\/pages\/6\/revisions"}],"predecessor-version":[{"id":651,"href":"https:\/\/www.choeurdesecrins.fr\/index.php?rest_route=\/wp\/v2\/pages\/6\/revisions\/651"}],"wp:attachment":[{"href":"https:\/\/www.choeurdesecrins.fr\/index.php?rest_route=%2Fwp%2Fv2%2Fmedia&parent=6"}],"curies":[{"name":"wp","href":"https:\/\/api.w.org\/{rel}","templated":true}]}}