{"id":588,"date":"2016-12-19T20:52:58","date_gmt":"2016-12-19T19:52:58","guid":{"rendered":"http:\/\/www.choeurdesecrins.fr\/?page_id=588"},"modified":"2016-12-19T20:52:58","modified_gmt":"2016-12-19T19:52:58","slug":"concert-de-noel-2016","status":"publish","type":"page","link":"https:\/\/www.choeurdesecrins.fr\/?page_id=588","title":{"rendered":"Concert de No\u00ebl 2016"},"content":{"rendered":"<p>Quelques images du concert du 17 d\u00e9cembre 2016, \u00e0 l&rsquo;\u00e9glise de Valbonnais.<\/p>\n<p>&nbsp;<\/p>\n<p><a href=\"http:\/\/www.choeurdesecrins.fr\/wp-content\/uploads\/2016\/12\/Y16_27412.jpg\"><img loading=\"lazy\" decoding=\"async\" class=\"size-medium wp-image-591 aligncenter\" src=\"http:\/\/www.choeurdesecrins.fr\/wp-content\/uploads\/2016\/12\/Y16_27412-300x188.jpg\" alt=\"\" width=\"300\" height=\"188\" srcset=\"https:\/\/www.choeurdesecrins.fr\/wp-content\/uploads\/2016\/12\/Y16_27412-300x188.jpg 300w, https:\/\/www.choeurdesecrins.fr\/wp-content\/uploads\/2016\/12\/Y16_27412-768x480.jpg 768w, https:\/\/www.choeurdesecrins.fr\/wp-content\/uploads\/2016\/12\/Y16_27412-1024x640.jpg 1024w\" sizes=\"(max-width: 300px) 100vw, 300px\" \/><\/a><a href=\"http:\/\/www.choeurdesecrins.fr\/wp-content\/uploads\/2016\/12\/Y16_27415.jpg\"><img loading=\"lazy\" decoding=\"async\" class=\"alignnone size-medium wp-image-590\" src=\"http:\/\/www.choeurdesecrins.fr\/wp-content\/uploads\/2016\/12\/Y16_27415-300x188.jpg\" alt=\"\" width=\"300\" height=\"188\" srcset=\"https:\/\/www.choeurdesecrins.fr\/wp-content\/uploads\/2016\/12\/Y16_27415-300x188.jpg 300w, https:\/\/www.choeurdesecrins.fr\/wp-content\/uploads\/2016\/12\/Y16_27415-768x480.jpg 768w, https:\/\/www.choeurdesecrins.fr\/wp-content\/uploads\/2016\/12\/Y16_27415-1024x640.jpg 1024w\" sizes=\"(max-width: 300px) 100vw, 300px\" \/><\/a> <a href=\"http:\/\/www.choeurdesecrins.fr\/wp-content\/uploads\/2016\/12\/Y16_27403.jpg\"><img loading=\"lazy\" decoding=\"async\" class=\"alignnone size-medium wp-image-592\" src=\"http:\/\/www.choeurdesecrins.fr\/wp-content\/uploads\/2016\/12\/Y16_27403-300x188.jpg\" alt=\"\" width=\"300\" height=\"188\" srcset=\"https:\/\/www.choeurdesecrins.fr\/wp-content\/uploads\/2016\/12\/Y16_27403-300x188.jpg 300w, https:\/\/www.choeurdesecrins.fr\/wp-content\/uploads\/2016\/12\/Y16_27403-768x480.jpg 768w, https:\/\/www.choeurdesecrins.fr\/wp-content\/uploads\/2016\/12\/Y16_27403-1024x640.jpg 1024w\" sizes=\"(max-width: 300px) 100vw, 300px\" \/><\/a> <a href=\"http:\/\/www.choeurdesecrins.fr\/wp-content\/uploads\/2016\/12\/Y16_27385.jpg\"><img loading=\"lazy\" decoding=\"async\" class=\"alignnone size-medium wp-image-596\" src=\"http:\/\/www.choeurdesecrins.fr\/wp-content\/uploads\/2016\/12\/Y16_27385-300x188.jpg\" alt=\"\" width=\"300\" height=\"188\" srcset=\"https:\/\/www.choeurdesecrins.fr\/wp-content\/uploads\/2016\/12\/Y16_27385-300x188.jpg 300w, https:\/\/www.choeurdesecrins.fr\/wp-content\/uploads\/2016\/12\/Y16_27385-768x480.jpg 768w, https:\/\/www.choeurdesecrins.fr\/wp-content\/uploads\/2016\/12\/Y16_27385-1024x640.jpg 1024w\" sizes=\"(max-width: 300px) 100vw, 300px\" \/><\/a> <a href=\"http:\/\/www.choeurdesecrins.fr\/wp-content\/uploads\/2016\/12\/Y16_27400.jpg\"><img loading=\"lazy\" decoding=\"async\" class=\"alignnone size-medium wp-image-595\" src=\"http:\/\/www.choeurdesecrins.fr\/wp-content\/uploads\/2016\/12\/Y16_27400-300x188.jpg\" alt=\"\" width=\"300\" height=\"188\" srcset=\"https:\/\/www.choeurdesecrins.fr\/wp-content\/uploads\/2016\/12\/Y16_27400-300x188.jpg 300w, https:\/\/www.choeurdesecrins.fr\/wp-content\/uploads\/2016\/12\/Y16_27400-768x480.jpg 768w, https:\/\/www.choeurdesecrins.fr\/wp-content\/uploads\/2016\/12\/Y16_27400-1024x640.jpg 1024w\" sizes=\"(max-width: 300px) 100vw, 300px\" \/><\/a> <a href=\"http:\/\/www.choeurdesecrins.fr\/wp-content\/uploads\/2016\/12\/Y16_27399.jpg\"><img loading=\"lazy\" decoding=\"async\" class=\"size-medium wp-image-594 aligncenter\" src=\"http:\/\/www.choeurdesecrins.fr\/wp-content\/uploads\/2016\/12\/Y16_27399-300x188.jpg\" alt=\"\" width=\"300\" height=\"188\" srcset=\"https:\/\/www.choeurdesecrins.fr\/wp-content\/uploads\/2016\/12\/Y16_27399-300x188.jpg 300w, https:\/\/www.choeurdesecrins.fr\/wp-content\/uploads\/2016\/12\/Y16_27399-768x480.jpg 768w, https:\/\/www.choeurdesecrins.fr\/wp-content\/uploads\/2016\/12\/Y16_27399-1024x640.jpg 1024w\" sizes=\"(max-width: 300px) 100vw, 300px\" \/><\/a><\/p>\n","protected":false},"excerpt":{"rendered":"<p>Quelques images du concert du 17 d\u00e9cembre 2016, \u00e0 l&rsquo;\u00e9glise de Valbonnais. &nbsp;<\/p>\n","protected":false},"author":3,"featured_media":0,"parent":0,"menu_order":0,"comment_status":"closed","ping_status":"closed","template":"","meta":{"footnotes":""},"_links":{"self":[{"href":"https:\/\/www.choeurdesecrins.fr\/index.php?rest_route=\/wp\/v2\/pages\/588"}],"collection":[{"href":"https:\/\/www.choeurdesecrins.fr\/index.php?rest_route=\/wp\/v2\/pages"}],"about":[{"href":"https:\/\/www.choeurdesecrins.fr\/index.php?rest_route=\/wp\/v2\/types\/page"}],"author":[{"embeddable":true,"href":"https:\/\/www.choeurdesecrins.fr\/index.php?rest_route=\/wp\/v2\/users\/3"}],"replies":[{"embeddable":true,"href":"https:\/\/www.choeurdesecrins.fr\/index.php?rest_route=%2Fwp%2Fv2%2Fcomments&post=588"}],"version-history":[{"count":2,"href":"https:\/\/www.choeurdesecrins.fr\/index.php?rest_route=\/wp\/v2\/pages\/588\/revisions"}],"predecessor-version":[{"id":599,"href":"https:\/\/www.choeurdesecrins.fr\/index.php?rest_route=\/wp\/v2\/pages\/588\/revisions\/599"}],"wp:attachment":[{"href":"https:\/\/www.choeurdesecrins.fr\/index.php?rest_route=%2Fwp%2Fv2%2Fmedia&parent=588"}],"curies":[{"name":"wp","href":"https:\/\/api.w.org\/{rel}","templated":true}]}}