{"id":493,"date":"2014-12-26T17:00:20","date_gmt":"2014-12-26T16:00:20","guid":{"rendered":"http:\/\/www.choeurdesecrins.fr\/?page_id=493"},"modified":"2016-12-19T20:52:28","modified_gmt":"2016-12-19T19:52:28","slug":"concert-de-noel-2014","status":"publish","type":"page","link":"https:\/\/www.choeurdesecrins.fr\/?page_id=493","title":{"rendered":"Concert de No\u00ebl 2014"},"content":{"rendered":"<p>Le Choeur des Ecrins a donn\u00e9 son dernier concert annuel en l&rsquo;\u00e9glise St Pierre de Valbonnais, \u00a0samedi 20 d\u00e9cembre en compagnie de la chorale \u00ab\u00a0Triolet\u00a0\u00bb de Pierre-Ch\u00e2tel pour c\u00e9l\u00e9brer la nativit\u00e9.<\/p>\n<p>En premi\u00e8re partie, la chorale invit\u00e9e accompagn\u00e9e d&rsquo;un talentueux ensemble de fl\u00fbtes \u00e0 bec, offrit un floril\u00e8ge de Chants baroques et contemporains, sous la direction de Robert M\u00e9e, terminant sa prestation par la chanson de Solveig et le c\u00e9l\u00e8bre \u00ab\u00a0Va Pensiero\u00a0\u00bb de Giuseppe Verdi.<\/p>\n<p><a href=\"http:\/\/www.choeurdesecrins.fr\/wp-content\/uploads\/2014\/12\/001.jpg\"><img loading=\"lazy\" decoding=\"async\" class=\"size-medium wp-image-496 aligncenter\" src=\"http:\/\/www.choeurdesecrins.fr\/wp-content\/uploads\/2014\/12\/001-300x225.jpg\" alt=\"001\" width=\"300\" height=\"225\" srcset=\"https:\/\/www.choeurdesecrins.fr\/wp-content\/uploads\/2014\/12\/001-300x225.jpg 300w, https:\/\/www.choeurdesecrins.fr\/wp-content\/uploads\/2014\/12\/001.jpg 640w\" sizes=\"(max-width: 300px) 100vw, 300px\" \/><\/a><\/p>\n<p>En seconde partie, le \u00ab\u00a0Choeur des Ecrins\u00a0\u00bb et ses instrumentistes Claude Gauch \u00e0 l&rsquo;accord\u00e9on et Maurice Vigne aux percussions, renforc\u00e9s par \u00a0la pr\u00e9sence exceptionnelle de Sylvaine Simms au clavier et Camille Simms au violon, proposa un voyage comparatif de la c\u00e9l\u00e9bration de No\u00ebl \u00e0 travers les \u00e9poques et les diff\u00e9rentes r\u00e9gions du monde Chr\u00e9tien , passant tour \u00e0 tour des plaines enneig\u00e9es de l&rsquo;Europe septentrionale \u00e0 la Polyn\u00e9sie; du moyen \u00e2ge avec Michel Praetorius au XIX\u00e8me si\u00e8cle avec Placide Coppeau et Adolphe Adam, terminant sous la direction de son chef Alain Paolucci par un \u00e9mouvant \u00ab\u00a0Minuit Chr\u00e9tiens\u00a0\u00bb.<\/p>\n<p><a href=\"http:\/\/www.choeurdesecrins.fr\/wp-content\/uploads\/2014\/12\/Camille-Simms-et-le-Choeur-des-Ecrins.jpg\"><img loading=\"lazy\" decoding=\"async\" class=\"size-medium wp-image-495 aligncenter\" src=\"http:\/\/www.choeurdesecrins.fr\/wp-content\/uploads\/2014\/12\/Camille-Simms-et-le-Choeur-des-Ecrins-300x225.jpg\" alt=\"Camille Simms et le Choeur des Ecrins\" width=\"300\" height=\"225\" srcset=\"https:\/\/www.choeurdesecrins.fr\/wp-content\/uploads\/2014\/12\/Camille-Simms-et-le-Choeur-des-Ecrins-300x225.jpg 300w, https:\/\/www.choeurdesecrins.fr\/wp-content\/uploads\/2014\/12\/Camille-Simms-et-le-Choeur-des-Ecrins.jpg 582w\" sizes=\"(max-width: 300px) 100vw, 300px\" \/><\/a><\/p>\n<p>Une oeuvre finale de vari\u00e9t\u00e9s, en hommage \u00e0 la paix fut interpr\u00e9t\u00e9e par les deux choeurs r\u00e9unis et applaudis copieusement par un public enthousiaste et conquis.<\/p>\n<p><a href=\"http:\/\/www.choeurdesecrins.fr\/wp-content\/uploads\/2014\/12\/026.jpg\"><img loading=\"lazy\" decoding=\"async\" class=\"size-medium wp-image-497 aligncenter\" src=\"http:\/\/www.choeurdesecrins.fr\/wp-content\/uploads\/2014\/12\/026-300x224.jpg\" alt=\"026\" width=\"300\" height=\"224\" srcset=\"https:\/\/www.choeurdesecrins.fr\/wp-content\/uploads\/2014\/12\/026-300x224.jpg 300w, https:\/\/www.choeurdesecrins.fr\/wp-content\/uploads\/2014\/12\/026.jpg 403w\" sizes=\"(max-width: 300px) 100vw, 300px\" \/><\/a><\/p>\n<p>&nbsp;<\/p>\n","protected":false},"excerpt":{"rendered":"<p>Le Choeur des Ecrins a donn\u00e9 son dernier concert annuel en l&rsquo;\u00e9glise St Pierre de Valbonnais, \u00a0samedi 20 d\u00e9cembre en compagnie de la chorale \u00ab\u00a0Triolet\u00a0\u00bb de Pierre-Ch\u00e2tel pour c\u00e9l\u00e9brer la nativit\u00e9. En premi\u00e8re partie, la chorale invit\u00e9e accompagn\u00e9e d&rsquo;un talentueux &hellip; <a href=\"https:\/\/www.choeurdesecrins.fr\/?page_id=493\">Continuer la lecture <span class=\"meta-nav\">&rarr;<\/span><\/a><\/p>\n","protected":false},"author":3,"featured_media":0,"parent":18,"menu_order":0,"comment_status":"closed","ping_status":"closed","template":"","meta":{"footnotes":""},"_links":{"self":[{"href":"https:\/\/www.choeurdesecrins.fr\/index.php?rest_route=\/wp\/v2\/pages\/493"}],"collection":[{"href":"https:\/\/www.choeurdesecrins.fr\/index.php?rest_route=\/wp\/v2\/pages"}],"about":[{"href":"https:\/\/www.choeurdesecrins.fr\/index.php?rest_route=\/wp\/v2\/types\/page"}],"author":[{"embeddable":true,"href":"https:\/\/www.choeurdesecrins.fr\/index.php?rest_route=\/wp\/v2\/users\/3"}],"replies":[{"embeddable":true,"href":"https:\/\/www.choeurdesecrins.fr\/index.php?rest_route=%2Fwp%2Fv2%2Fcomments&post=493"}],"version-history":[{"count":2,"href":"https:\/\/www.choeurdesecrins.fr\/index.php?rest_route=\/wp\/v2\/pages\/493\/revisions"}],"predecessor-version":[{"id":498,"href":"https:\/\/www.choeurdesecrins.fr\/index.php?rest_route=\/wp\/v2\/pages\/493\/revisions\/498"}],"up":[{"embeddable":true,"href":"https:\/\/www.choeurdesecrins.fr\/index.php?rest_route=\/wp\/v2\/pages\/18"}],"wp:attachment":[{"href":"https:\/\/www.choeurdesecrins.fr\/index.php?rest_route=%2Fwp%2Fv2%2Fmedia&parent=493"}],"curies":[{"name":"wp","href":"https:\/\/api.w.org\/{rel}","templated":true}]}}