{"id":345,"date":"2013-07-01T10:44:21","date_gmt":"2013-07-01T09:44:21","guid":{"rendered":"http:\/\/www.choeurdesecrins.fr\/?page_id=345"},"modified":"2013-07-01T10:44:21","modified_gmt":"2013-07-01T09:44:21","slug":"fete-de-la-musique-2013","status":"publish","type":"page","link":"https:\/\/www.choeurdesecrins.fr\/?page_id=345","title":{"rendered":"F\u00eate de la Musique 2013"},"content":{"rendered":"<p><strong>Une f\u00eate de la musique aux couleurs grecques<\/strong><\/p>\n<p>C\u2019est dans une \u00e9glise St Pierre de Valbonnais bien remplie, en pr\u00e9sence de nombreux \u00e9lus du canton, que le \u00ab Ch\u0153ur des Ecrins \u00bb recevait pour cette 32\u00e8me \u00e9dition de la F\u00eate de la musique, la chorale \u00ab Orph\u00e9e \u00bb, ch\u0153ur mixte de la communaut\u00e9 grecque du bassin grenoblois.<\/p>\n<p>En premi\u00e8re partie, sous la direction de Philippe de Palma et l\u2019accompagnement au Bouzouki de Nicolas Cosmid\u00e8s, la chorale Orph\u00e9e , en tenue du folklore de la culture h\u00e9llenique, invita le public \u00e0 un voyage \u00e9mouvant, \u00e0 travers des m\u00e9lodies traditionnelles , parfois mondialement connues comme \u00ab Les Enfants du Pir\u00e9e ou Zorba via des compositions de Mikis Theodorakis, Georges Zambetas ou l\u2019embl\u00e9matique Dimitris Papadimitriou, chant\u00e9es dans leur langue originelle.<\/p>\n<p><a href=\"http:\/\/www.choeurdesecrins.fr\/wp-content\/uploads\/2013\/07\/fete-de-la-musique-013.jpg\"><img loading=\"lazy\" decoding=\"async\" src=\"http:\/\/www.choeurdesecrins.fr\/wp-content\/uploads\/2013\/07\/fete-de-la-musique-013-1024x768.jpg\" alt=\"fete de la musique 013\" width=\"625\" height=\"468\" class=\"aligncenter size-large wp-image-349\" srcset=\"https:\/\/www.choeurdesecrins.fr\/wp-content\/uploads\/2013\/07\/fete-de-la-musique-013-1024x768.jpg 1024w, https:\/\/www.choeurdesecrins.fr\/wp-content\/uploads\/2013\/07\/fete-de-la-musique-013-300x225.jpg 300w, https:\/\/www.choeurdesecrins.fr\/wp-content\/uploads\/2013\/07\/fete-de-la-musique-013-624x468.jpg 624w\" sizes=\"(max-width: 625px) 100vw, 625px\" \/><\/a><\/p>\n<p>En seconde partie, sous la direction d\u2019Alain Paolucci, le \u00ab Ch\u0153ur des Ecrins \u00bb, interpr\u00e9ta des \u0153uvres classiques et de vari\u00e9t\u00e9s fran\u00e7aises et \u00e9trang\u00e8res, rendant hommage , notamment, \u00e0 Georges Moustaki, Jean Ferrat, Edith Piaf ou Franz Schubert.<\/p>\n<p><a href=\"http:\/\/www.choeurdesecrins.fr\/wp-content\/uploads\/2013\/07\/052.jpg\"><img loading=\"lazy\" decoding=\"async\" src=\"http:\/\/www.choeurdesecrins.fr\/wp-content\/uploads\/2013\/07\/052-1024x768.jpg\" alt=\"052\" width=\"625\" height=\"468\" class=\"aligncenter size-large wp-image-350\" srcset=\"https:\/\/www.choeurdesecrins.fr\/wp-content\/uploads\/2013\/07\/052-1024x768.jpg 1024w, https:\/\/www.choeurdesecrins.fr\/wp-content\/uploads\/2013\/07\/052-300x225.jpg 300w, https:\/\/www.choeurdesecrins.fr\/wp-content\/uploads\/2013\/07\/052-624x468.jpg 624w, https:\/\/www.choeurdesecrins.fr\/wp-content\/uploads\/2013\/07\/052.jpg 1600w\" sizes=\"(max-width: 625px) 100vw, 625px\" \/><\/a><\/p>\n<p>La soir\u00e9e s\u2019est achev\u00e9e par un merveilleux \u00ab Acropolis \u00bb chant\u00e9 par les deux choeurs r\u00e9unis, donnant \u00e0 beaucoup de spectateurs l\u2019envie de s\u2019abandonner au Sirtaki, pour conclure cette douce et amicale soir\u00e9e musicale \u00e9toil\u00e9e, du jour le plus long de l\u2019ann\u00e9e.<\/p>\n<p>La deuxi\u00e8me \u00e9dition de cet \u00e9v\u00e8nement musical eut lieu le dimanche 23 ao\u00fbt, dans la trop petite \u00e9glise romane de la Valette o\u00f9 le \u00ab Ch\u0153ur \u00bb recevait un groupe f\u00e9minin de l\u2019Oisans , l\u2019ensemble \u00ab Polyfemna \u00bb, pour partager des \u0153uvres du monde entier dans leur langue originelle.<\/p>\n<p>Apr\u00e8s un mot d\u2019accueil chaleureux des \u00e9lus de la Communaut\u00e9 des Communes du Valbonnais, par l\u2019interm\u00e9diaire de Madame Maryse Barth\u00e8lemy, responsable de la culture et Maire de la Valette, les deux ensembles ont tour \u00e0 tour ravi un public connaisseur et g\u00e9n\u00e9reux par ses encouragements.<\/p>\n<p>La soir\u00e9e s\u2019est termin\u00e9e comme il se doit chez les gaulois par un d\u00e9licieux lunch pr\u00e9par\u00e9 avec soin par les responsables des festivit\u00e9s au sein du \u00ab Ch\u0153ur des Ecrins \u00bb.<\/p>\n","protected":false},"excerpt":{"rendered":"<p>Une f\u00eate de la musique aux couleurs grecques C\u2019est dans une \u00e9glise St Pierre de Valbonnais bien remplie, en pr\u00e9sence de nombreux \u00e9lus du canton, que le \u00ab Ch\u0153ur des Ecrins \u00bb recevait pour cette 32\u00e8me \u00e9dition de la F\u00eate &hellip; <a href=\"https:\/\/www.choeurdesecrins.fr\/?page_id=345\">Continuer la lecture <span class=\"meta-nav\">&rarr;<\/span><\/a><\/p>\n","protected":false},"author":3,"featured_media":0,"parent":339,"menu_order":1,"comment_status":"closed","ping_status":"closed","template":"","meta":{"footnotes":""},"_links":{"self":[{"href":"https:\/\/www.choeurdesecrins.fr\/index.php?rest_route=\/wp\/v2\/pages\/345"}],"collection":[{"href":"https:\/\/www.choeurdesecrins.fr\/index.php?rest_route=\/wp\/v2\/pages"}],"about":[{"href":"https:\/\/www.choeurdesecrins.fr\/index.php?rest_route=\/wp\/v2\/types\/page"}],"author":[{"embeddable":true,"href":"https:\/\/www.choeurdesecrins.fr\/index.php?rest_route=\/wp\/v2\/users\/3"}],"replies":[{"embeddable":true,"href":"https:\/\/www.choeurdesecrins.fr\/index.php?rest_route=%2Fwp%2Fv2%2Fcomments&post=345"}],"version-history":[{"count":3,"href":"https:\/\/www.choeurdesecrins.fr\/index.php?rest_route=\/wp\/v2\/pages\/345\/revisions"}],"predecessor-version":[{"id":352,"href":"https:\/\/www.choeurdesecrins.fr\/index.php?rest_route=\/wp\/v2\/pages\/345\/revisions\/352"}],"up":[{"embeddable":true,"href":"https:\/\/www.choeurdesecrins.fr\/index.php?rest_route=\/wp\/v2\/pages\/339"}],"wp:attachment":[{"href":"https:\/\/www.choeurdesecrins.fr\/index.php?rest_route=%2Fwp%2Fv2%2Fmedia&parent=345"}],"curies":[{"name":"wp","href":"https:\/\/api.w.org\/{rel}","templated":true}]}}