{"id":339,"date":"2013-07-01T10:34:53","date_gmt":"2013-07-01T09:34:53","guid":{"rendered":"http:\/\/www.choeurdesecrins.fr\/?page_id=339"},"modified":"2013-07-01T10:37:48","modified_gmt":"2013-07-01T09:37:48","slug":"fetes-de-la-musique","status":"publish","type":"page","link":"https:\/\/www.choeurdesecrins.fr\/?page_id=339","title":{"rendered":"F\u00eates de la musique"},"content":{"rendered":"<p>Dans cette rubrique, quelques reportages sur nos activit\u00e9s lors ce week-end musical chaque ann\u00e9e.<\/p>\n","protected":false},"excerpt":{"rendered":"<p>Dans cette rubrique, quelques reportages sur nos activit\u00e9s lors ce week-end musical chaque ann\u00e9e.<\/p>\n","protected":false},"author":3,"featured_media":0,"parent":0,"menu_order":6,"comment_status":"closed","ping_status":"closed","template":"","meta":{"footnotes":""},"_links":{"self":[{"href":"https:\/\/www.choeurdesecrins.fr\/index.php?rest_route=\/wp\/v2\/pages\/339"}],"collection":[{"href":"https:\/\/www.choeurdesecrins.fr\/index.php?rest_route=\/wp\/v2\/pages"}],"about":[{"href":"https:\/\/www.choeurdesecrins.fr\/index.php?rest_route=\/wp\/v2\/types\/page"}],"author":[{"embeddable":true,"href":"https:\/\/www.choeurdesecrins.fr\/index.php?rest_route=\/wp\/v2\/users\/3"}],"replies":[{"embeddable":true,"href":"https:\/\/www.choeurdesecrins.fr\/index.php?rest_route=%2Fwp%2Fv2%2Fcomments&post=339"}],"version-history":[{"count":2,"href":"https:\/\/www.choeurdesecrins.fr\/index.php?rest_route=\/wp\/v2\/pages\/339\/revisions"}],"predecessor-version":[{"id":344,"href":"https:\/\/www.choeurdesecrins.fr\/index.php?rest_route=\/wp\/v2\/pages\/339\/revisions\/344"}],"wp:attachment":[{"href":"https:\/\/www.choeurdesecrins.fr\/index.php?rest_route=%2Fwp%2Fv2%2Fmedia&parent=339"}],"curies":[{"name":"wp","href":"https:\/\/api.w.org\/{rel}","templated":true}]}}