{"id":30,"date":"2012-10-27T13:28:11","date_gmt":"2012-10-27T12:28:11","guid":{"rendered":"http:\/\/choeurdesecrins.wordpress.com\/?page_id=30"},"modified":"2013-06-20T10:08:26","modified_gmt":"2013-06-20T09:08:26","slug":"savona-decembre-2011","status":"publish","type":"page","link":"https:\/\/www.choeurdesecrins.fr\/?page_id=30","title":{"rendered":"Savona : d\u00e9cembre 2011"},"content":{"rendered":"<p><strong>Savona (Italie), 3 et 4 d\u00e9cembre 2011<\/strong><\/p>\n<p>Le choeur des Ecrins a eu le plaisir de se produire et partager deux jours avec les choristes della<\/p>\n<p>Corale Alpina Savonese<\/p>\n<p>Nous la remercions vivement pour son accueil et sa g\u00e9n\u00e9rosit\u00e9.<\/p>\n<p><a href=\"http:\/\/www.choeurdesecrins.fr\/wp-content\/uploads\/2012\/10\/P1050504A.jpg\"><img loading=\"lazy\" decoding=\"async\" src=\"http:\/\/www.choeurdesecrins.fr\/wp-content\/uploads\/2012\/10\/P1050504A.jpg\" alt=\"P1050504A\" width=\"591\" height=\"443\" class=\"aligncenter size-full wp-image-188\" srcset=\"https:\/\/www.choeurdesecrins.fr\/wp-content\/uploads\/2012\/10\/P1050504A.jpg 591w, https:\/\/www.choeurdesecrins.fr\/wp-content\/uploads\/2012\/10\/P1050504A-300x224.jpg 300w\" sizes=\"(max-width: 591px) 100vw, 591px\" \/><\/a><\/p>\n<p><a href=\"http:\/\/www.choeurdesecrins.fr\/wp-content\/uploads\/2012\/10\/P1050512A.jpg\"><img loading=\"lazy\" decoding=\"async\" src=\"http:\/\/www.choeurdesecrins.fr\/wp-content\/uploads\/2012\/10\/P1050512A.jpg\" alt=\"P1050512A\" width=\"591\" height=\"443\" class=\"aligncenter size-full wp-image-189\" srcset=\"https:\/\/www.choeurdesecrins.fr\/wp-content\/uploads\/2012\/10\/P1050512A.jpg 591w, https:\/\/www.choeurdesecrins.fr\/wp-content\/uploads\/2012\/10\/P1050512A-300x224.jpg 300w\" sizes=\"(max-width: 591px) 100vw, 591px\" \/><\/a><\/p>\n<p><a href=\"http:\/\/www.choeurdesecrins.fr\/wp-content\/uploads\/2012\/10\/P1050528a.jpg\"><img loading=\"lazy\" decoding=\"async\" src=\"http:\/\/www.choeurdesecrins.fr\/wp-content\/uploads\/2012\/10\/P1050528a.jpg\" alt=\"P1050528a\" width=\"591\" height=\"443\" class=\"aligncenter size-full wp-image-190\" srcset=\"https:\/\/www.choeurdesecrins.fr\/wp-content\/uploads\/2012\/10\/P1050528a.jpg 591w, https:\/\/www.choeurdesecrins.fr\/wp-content\/uploads\/2012\/10\/P1050528a-300x224.jpg 300w\" sizes=\"(max-width: 591px) 100vw, 591px\" \/><\/a><\/p>\n<p><a href=\"http:\/\/www.choeurdesecrins.fr\/wp-content\/uploads\/2012\/10\/P1050533A.jpg\"><img loading=\"lazy\" decoding=\"async\" src=\"http:\/\/www.choeurdesecrins.fr\/wp-content\/uploads\/2012\/10\/P1050533A.jpg\" alt=\"P1050533A\" width=\"591\" height=\"443\" class=\"aligncenter size-full wp-image-191\" srcset=\"https:\/\/www.choeurdesecrins.fr\/wp-content\/uploads\/2012\/10\/P1050533A.jpg 591w, https:\/\/www.choeurdesecrins.fr\/wp-content\/uploads\/2012\/10\/P1050533A-300x224.jpg 300w\" sizes=\"(max-width: 591px) 100vw, 591px\" \/><\/a><\/p>\n<p><a href=\"http:\/\/www.choeurdesecrins.fr\/wp-content\/uploads\/2012\/10\/P1050537A.jpg\"><img loading=\"lazy\" decoding=\"async\" src=\"http:\/\/www.choeurdesecrins.fr\/wp-content\/uploads\/2012\/10\/P1050537A.jpg\" alt=\"P1050537A\" width=\"591\" height=\"496\" class=\"aligncenter size-full wp-image-192\" srcset=\"https:\/\/www.choeurdesecrins.fr\/wp-content\/uploads\/2012\/10\/P1050537A.jpg 591w, https:\/\/www.choeurdesecrins.fr\/wp-content\/uploads\/2012\/10\/P1050537A-300x251.jpg 300w\" sizes=\"(max-width: 591px) 100vw, 591px\" \/><\/a><\/p>\n<p><a href=\"http:\/\/www.choeurdesecrins.fr\/wp-content\/uploads\/2012\/10\/P1050538A.jpg\"><img loading=\"lazy\" decoding=\"async\" src=\"http:\/\/www.choeurdesecrins.fr\/wp-content\/uploads\/2012\/10\/P1050538A.jpg\" alt=\"P1050538A\" width=\"591\" height=\"443\" class=\"aligncenter size-full wp-image-193\" srcset=\"https:\/\/www.choeurdesecrins.fr\/wp-content\/uploads\/2012\/10\/P1050538A.jpg 591w, https:\/\/www.choeurdesecrins.fr\/wp-content\/uploads\/2012\/10\/P1050538A-300x224.jpg 300w\" sizes=\"(max-width: 591px) 100vw, 591px\" \/><\/a><\/p>\n<p><a href=\"http:\/\/www.choeurdesecrins.fr\/wp-content\/uploads\/2012\/10\/P1050539A.jpg\"><img loading=\"lazy\" decoding=\"async\" src=\"http:\/\/www.choeurdesecrins.fr\/wp-content\/uploads\/2012\/10\/P1050539A.jpg\" alt=\"P1050539A\" width=\"591\" height=\"443\" class=\"aligncenter size-full wp-image-194\" srcset=\"https:\/\/www.choeurdesecrins.fr\/wp-content\/uploads\/2012\/10\/P1050539A.jpg 591w, https:\/\/www.choeurdesecrins.fr\/wp-content\/uploads\/2012\/10\/P1050539A-300x224.jpg 300w\" sizes=\"(max-width: 591px) 100vw, 591px\" \/><\/a><\/p>\n<p><a href=\"http:\/\/www.choeurdesecrins.fr\/wp-content\/uploads\/2012\/10\/P1050547A.jpg\"><img loading=\"lazy\" decoding=\"async\" src=\"http:\/\/www.choeurdesecrins.fr\/wp-content\/uploads\/2012\/10\/P1050547A.jpg\" alt=\"P1050547A\" width=\"591\" height=\"443\" class=\"aligncenter size-full wp-image-195\" srcset=\"https:\/\/www.choeurdesecrins.fr\/wp-content\/uploads\/2012\/10\/P1050547A.jpg 591w, https:\/\/www.choeurdesecrins.fr\/wp-content\/uploads\/2012\/10\/P1050547A-300x224.jpg 300w\" sizes=\"(max-width: 591px) 100vw, 591px\" \/><\/a><\/p>\n<p><a href=\"http:\/\/www.choeurdesecrins.fr\/wp-content\/uploads\/2012\/10\/P1050562A.jpg\"><img loading=\"lazy\" decoding=\"async\" src=\"http:\/\/www.choeurdesecrins.fr\/wp-content\/uploads\/2012\/10\/P1050562A.jpg\" alt=\"P1050562A\" width=\"591\" height=\"443\" class=\"aligncenter size-full wp-image-196\" srcset=\"https:\/\/www.choeurdesecrins.fr\/wp-content\/uploads\/2012\/10\/P1050562A.jpg 591w, https:\/\/www.choeurdesecrins.fr\/wp-content\/uploads\/2012\/10\/P1050562A-300x224.jpg 300w\" sizes=\"(max-width: 591px) 100vw, 591px\" \/><\/a><\/p>\n<p><a href=\"http:\/\/www.choeurdesecrins.fr\/wp-content\/uploads\/2012\/10\/P1050613A.jpg\"><img loading=\"lazy\" decoding=\"async\" src=\"http:\/\/www.choeurdesecrins.fr\/wp-content\/uploads\/2012\/10\/P1050613A.jpg\" alt=\"P1050613A\" width=\"566\" height=\"394\" class=\"aligncenter size-full wp-image-197\" srcset=\"https:\/\/www.choeurdesecrins.fr\/wp-content\/uploads\/2012\/10\/P1050613A.jpg 566w, https:\/\/www.choeurdesecrins.fr\/wp-content\/uploads\/2012\/10\/P1050613A-300x208.jpg 300w\" sizes=\"(max-width: 566px) 100vw, 566px\" \/><\/a><\/p>\n<p><a href=\"http:\/\/www.choeurdesecrins.fr\/wp-content\/uploads\/2012\/10\/P1050618A.jpg\"><img loading=\"lazy\" decoding=\"async\" src=\"http:\/\/www.choeurdesecrins.fr\/wp-content\/uploads\/2012\/10\/P1050618A.jpg\" alt=\"P1050618A\" width=\"591\" height=\"443\" class=\"aligncenter size-full wp-image-198\" srcset=\"https:\/\/www.choeurdesecrins.fr\/wp-content\/uploads\/2012\/10\/P1050618A.jpg 591w, https:\/\/www.choeurdesecrins.fr\/wp-content\/uploads\/2012\/10\/P1050618A-300x224.jpg 300w\" sizes=\"(max-width: 591px) 100vw, 591px\" \/><\/a><\/p>\n<p><a href=\"http:\/\/www.choeurdesecrins.fr\/wp-content\/uploads\/2012\/10\/P1050628A.jpg\"><img loading=\"lazy\" decoding=\"async\" src=\"http:\/\/www.choeurdesecrins.fr\/wp-content\/uploads\/2012\/10\/P1050628A.jpg\" alt=\"P1050628A\" width=\"591\" height=\"443\" class=\"aligncenter size-full wp-image-199\" srcset=\"https:\/\/www.choeurdesecrins.fr\/wp-content\/uploads\/2012\/10\/P1050628A.jpg 591w, https:\/\/www.choeurdesecrins.fr\/wp-content\/uploads\/2012\/10\/P1050628A-300x224.jpg 300w\" sizes=\"(max-width: 591px) 100vw, 591px\" \/><\/a><\/p>\n<p><a href=\"http:\/\/www.choeurdesecrins.fr\/wp-content\/uploads\/2012\/10\/P1050642A.jpg\"><img loading=\"lazy\" decoding=\"async\" src=\"http:\/\/www.choeurdesecrins.fr\/wp-content\/uploads\/2012\/10\/P1050642A.jpg\" alt=\"P1050642A\" width=\"591\" height=\"443\" class=\"aligncenter size-full wp-image-200\" srcset=\"https:\/\/www.choeurdesecrins.fr\/wp-content\/uploads\/2012\/10\/P1050642A.jpg 591w, https:\/\/www.choeurdesecrins.fr\/wp-content\/uploads\/2012\/10\/P1050642A-300x224.jpg 300w\" sizes=\"(max-width: 591px) 100vw, 591px\" \/><\/a><\/p>\n<p><a href=\"http:\/\/www.choeurdesecrins.fr\/wp-content\/uploads\/2012\/10\/P1050643A.jpg\"><img loading=\"lazy\" decoding=\"async\" src=\"http:\/\/www.choeurdesecrins.fr\/wp-content\/uploads\/2012\/10\/P1050643A.jpg\" alt=\"P1050643A\" width=\"591\" height=\"443\" class=\"aligncenter size-full wp-image-201\" srcset=\"https:\/\/www.choeurdesecrins.fr\/wp-content\/uploads\/2012\/10\/P1050643A.jpg 591w, https:\/\/www.choeurdesecrins.fr\/wp-content\/uploads\/2012\/10\/P1050643A-300x224.jpg 300w\" sizes=\"(max-width: 591px) 100vw, 591px\" \/><\/a><\/p>\n","protected":false},"excerpt":{"rendered":"<p>Savona (Italie), 3 et 4 d\u00e9cembre 2011 Le choeur des Ecrins a eu le plaisir de se produire et partager deux jours avec les choristes della Corale Alpina Savonese Nous la remercions vivement pour son accueil et sa g\u00e9n\u00e9rosit\u00e9.<\/p>\n","protected":false},"author":3,"featured_media":0,"parent":18,"menu_order":3,"comment_status":"closed","ping_status":"closed","template":"","meta":{"footnotes":""},"_links":{"self":[{"href":"https:\/\/www.choeurdesecrins.fr\/index.php?rest_route=\/wp\/v2\/pages\/30"}],"collection":[{"href":"https:\/\/www.choeurdesecrins.fr\/index.php?rest_route=\/wp\/v2\/pages"}],"about":[{"href":"https:\/\/www.choeurdesecrins.fr\/index.php?rest_route=\/wp\/v2\/types\/page"}],"author":[{"embeddable":true,"href":"https:\/\/www.choeurdesecrins.fr\/index.php?rest_route=\/wp\/v2\/users\/3"}],"replies":[{"embeddable":true,"href":"https:\/\/www.choeurdesecrins.fr\/index.php?rest_route=%2Fwp%2Fv2%2Fcomments&post=30"}],"version-history":[{"count":3,"href":"https:\/\/www.choeurdesecrins.fr\/index.php?rest_route=\/wp\/v2\/pages\/30\/revisions"}],"predecessor-version":[{"id":328,"href":"https:\/\/www.choeurdesecrins.fr\/index.php?rest_route=\/wp\/v2\/pages\/30\/revisions\/328"}],"up":[{"embeddable":true,"href":"https:\/\/www.choeurdesecrins.fr\/index.php?rest_route=\/wp\/v2\/pages\/18"}],"wp:attachment":[{"href":"https:\/\/www.choeurdesecrins.fr\/index.php?rest_route=%2Fwp%2Fv2%2Fmedia&parent=30"}],"curies":[{"name":"wp","href":"https:\/\/api.w.org\/{rel}","templated":true}]}}