{"id":20,"date":"2012-10-27T13:23:00","date_gmt":"2012-10-27T12:23:00","guid":{"rendered":"http:\/\/choeurdesecrins.wordpress.com\/?page_id=20"},"modified":"2013-07-01T10:37:13","modified_gmt":"2013-07-01T09:37:13","slug":"repertoire","status":"publish","type":"page","link":"https:\/\/www.choeurdesecrins.fr\/?page_id=20","title":{"rendered":"R\u00e9pertoire"},"content":{"rendered":"<p><strong>Le r\u00e9pertoire<\/strong><\/p>\n<p>Depuis sa cr\u00e9ation, le ch\u0153ur a interpr\u00e9t\u00e9 plus d\u2019une centaine d\u2019\u0153uvres, classiques ou de vari\u00e9t\u00e9s fran\u00e7aises et \u00e9trang\u00e8res.<\/p>\n<p>La plupart des chants ont \u00e9t\u00e9 emprunt\u00e9s au r\u00e9pertoire de cr\u00e9ateurs et \u00e9diteurs de musique classique ou contemporaine.<\/p>\n<p>Quelques-uns ont \u00e9t\u00e9 adapt\u00e9s ou cr\u00e9\u00e9s pour des circonstances conjoncturelles locales par le Chef de Ch\u0153ur.<\/p>\n<p>Pour obtenir des partitions ou des arrangements : s\u2019adresser au Pr\u00e9sident ( rubrique : contacts )<\/p>\n<p><strong>Liste des interpr\u00e9tations du Choeur des Ecrins<\/strong><\/p>\n<div class=\"table-responsive\"><table  style=\"width:100%; \"  class=\"easy-table easy-table-default \" border=\"0\">\n<thead>\r\n<tr><th >Titre<\/th>\n<th >Auteurs<\/th>\n<th >Compositeurs<\/th>\n<th >Arrangeur<\/th>\n<th >Langue<\/th>\n<\/tr>\n<\/thead>\n<tbody>\r\n<tr><td >Aimer \u00e0 perdre la raison<\/td>\n<td >L. Aragon<\/td>\n<td >J. Ferrat<\/td>\n<td >X. Vidic<\/td>\n<td >Fran\u00e7ais<\/td>\n<\/tr>\n\r\n<tr><td >A\u00efre tun txiquitun<\/td>\n<td ><\/td>\n<td >F. Lopez<\/td>\n<td >A. Paolucci<\/td>\n<td >Basque<\/td>\n<\/tr>\n\r\n<tr><td >Amazing Grace<\/td>\n<td >Trad. Irlandais<\/td>\n<td ><\/td>\n<td >J.P. Fink<\/td>\n<td >Anglais<\/td>\n<\/tr>\n\r\n<tr><td >L&rsquo;Amiti\u00e9<\/td>\n<td >F. Hardy<\/td>\n<td ><\/td>\n<td >A. Paolucci<\/td>\n<td >Fran\u00e7ais<\/td>\n<\/tr>\n\r\n<tr><td >Anniversaire<\/td>\n<td >A. Paolucci<\/td>\n<td >A. Paolucci<\/td>\n<td ><\/td>\n<td >Fran\u00e7ais<\/td>\n<\/tr>\n\r\n<tr><td >Aurtxoa Seaskan<\/td>\n<td >J. Ol\u00e4izola<\/td>\n<td ><\/td>\n<td ><\/td>\n<td >Basque<\/td>\n<\/tr>\n\r\n<tr><td >Ave Maria<\/td>\n<td ><\/td>\n<td ><\/td>\n<td >B. de Marzy<\/td>\n<td >Italien<\/td>\n<\/tr>\n\r\n<tr><td >Ave Maria<\/td>\n<td ><\/td>\n<td >Gounod<\/td>\n<td >A. Paolucci<\/td>\n<td >Latin<\/td>\n<\/tr>\n\r\n<tr><td >Ave Verum Corpus<\/td>\n<td ><\/td>\n<td >W. A. Mozart<\/td>\n<td ><\/td>\n<td >Latin<\/td>\n<\/tr>\n\r\n<tr><td >Bala\u00efo<\/td>\n<td ><\/td>\n<td >H. Villa-Lobos<\/td>\n<td ><\/td>\n<td >Portugais<\/td>\n<\/tr>\n\r\n<tr><td >Belle Rose du Printemps<\/td>\n<td >T. Usuelli<\/td>\n<td ><\/td>\n<td ><\/td>\n<td >Fran\u00e7ais<\/td>\n<\/tr>\n\r\n<tr><td >Benia Calastoria<\/td>\n<td ><\/td>\n<td >B. de Marzi<\/td>\n<td >A. Paolucci<\/td>\n<td >Italien<\/td>\n<\/tr>\n\r\n<tr><td >Billy<\/td>\n<td >E. Marnay<\/td>\n<td >P. Lema\u00eetre<\/td>\n<td >J. C. Oudot<\/td>\n<td >Fran\u00e7ais<\/td>\n<\/tr>\n\r\n<tr><td >La Bo\u00eete \u00e0 Chansons<\/td>\n<td >G. Dor<\/td>\n<td ><\/td>\n<td >Y. Thibodeau<\/td>\n<td >Fran\u00e7ais<\/td>\n<\/tr>\n\r\n<tr><td >Carnavalito Quebrad\u00ebno<\/td>\n<td ><\/td>\n<td >H. Avalos<\/td>\n<td ><\/td>\n<td >Espagnol<\/td>\n<\/tr>\n\r\n<tr><td >La Chanson de Pr\u00e9vert<\/td>\n<td ><\/td>\n<td >S. Gainsbourg<\/td>\n<td ><\/td>\n<td >Fran\u00e7ais<\/td>\n<\/tr>\n\r\n<tr><td >Chant des Partisans<\/td>\n<td >M. Druon<\/td>\n<td >J. Kessel<\/td>\n<td >A. Marly<\/td>\n<td >Fran\u00e7ais<\/td>\n<\/tr>\n\r\n<tr><td >Cielito Lindo<\/td>\n<td >Trad. Mexicain<\/td>\n<td ><\/td>\n<td >G. Fourcaud<\/td>\n<td >Espagnol<\/td>\n<\/tr>\n\r\n<tr><td >Le Colporteur<\/td>\n<td >Chant Tzigane<\/td>\n<td ><\/td>\n<td ><\/td>\n<td >Fran\u00e7ais<\/td>\n<\/tr>\n\r\n<tr><td >La Complainte de Pablo Neruda<\/td>\n<td >L. Aragon<\/td>\n<td >J. Ferrat<\/td>\n<td >G. Salvador<\/td>\n<td >Fran\u00e7ais<\/td>\n<\/tr>\n\r\n<tr><td >Conquest of Paradise<\/td>\n<td ><\/td>\n<td >Vangelis<\/td>\n<td >M. Aubert<\/td>\n<td >Latin<\/td>\n<\/tr>\n\r\n<tr><td >Les Corons<\/td>\n<td >J.P. Lang<\/td>\n<td >P. Bachelet<\/td>\n<td >J.C. Oudot<\/td>\n<td >Fran\u00e7ais<\/td>\n<\/tr>\n\r\n<tr><td >Douce Nuit<\/td>\n<td >J. Mohr<\/td>\n<td >F. Gruber<\/td>\n<td >A. Paolucci<\/td>\n<td >Fran\u00e7ais<\/td>\n<\/tr>\n\r\n<tr><td >Entre Las Ocho<\/td>\n<td >No\u00ebl Espagnol<\/td>\n<td ><\/td>\n<td >F. Villard<\/td>\n<td >Espagnol<\/td>\n<\/tr>\n\r\n<tr><td >Le Facteur<\/td>\n<td >G. Moustaki<\/td>\n<td ><\/td>\n<td >A. Paolucci<\/td>\n<td >Fran\u00e7ais<\/td>\n<\/tr>\n\r\n<tr><td >Flowers of Scotland<\/td>\n<td >Folk. Ecossais<\/td>\n<td >Roy Wiliamson<\/td>\n<td ><\/td>\n<td >Ecossais<\/td>\n<\/tr>\n\r\n<tr><td >Harmonie<\/td>\n<td >A. Paolucci<\/td>\n<td >N. Sambetas<\/td>\n<td >A. Paolucci<\/td>\n<td >Fran\u00e7ais<\/td>\n<\/tr>\n\r\n<tr><td >Heilig<\/td>\n<td ><\/td>\n<td >F. Schubert<\/td>\n<td ><\/td>\n<td >Allemand<\/td>\n<\/tr>\n\r\n<tr><td >Highland Cathedral<\/td>\n<td >Ulrich Roever<\/td>\n<td >Michael Korb<\/td>\n<td ><\/td>\n<td >Ecossais<\/td>\n<\/tr>\n\r\n<tr><td >Hymne \u00e0 la Nuit<\/td>\n<td >J.P. Rameau<\/td>\n<td ><\/td>\n<td >P. Piern\u00e9<\/td>\n<td >Fran\u00e7ais<\/td>\n<\/tr>\n\r\n<tr><td >L&rsquo;Hymne \u00e0 l&rsquo;Amour<\/td>\n<td >M. Monod<\/td>\n<td ><\/td>\n<td ><\/td>\n<td >Fran\u00e7ais<\/td>\n<\/tr>\n\r\n<tr><td >I Have a Dream<\/td>\n<td >Abba<\/td>\n<td >Abba<\/td>\n<td >A. Paolucci<\/td>\n<td >Anglais<\/td>\n<\/tr>\n\r\n<tr><td >Il est Trop Tard<\/td>\n<td >G. Moustaki<\/td>\n<td ><\/td>\n<td >J. Turellier<\/td>\n<td >Fran\u00e7ais<\/td>\n<\/tr>\n\r\n<tr><td >I&rsquo;m Gonna Sing<\/td>\n<td ><\/td>\n<td ><\/td>\n<td ><\/td>\n<td >Anglais<\/td>\n<\/tr>\n\r\n<tr><td >Image du Valbonnais<\/td>\n<td >A. Paolucci<\/td>\n<td >M. Hadjidakis<\/td>\n<td >A. Paolucci<\/td>\n<td >Fran\u00e7ais<\/td>\n<\/tr>\n\r\n<tr><td >Kad si Bila Mala Mare<\/td>\n<td >Trad. Dalmate<\/td>\n<td ><\/td>\n<td >F. M\u00f6ckl<\/td>\n<td >Croate<\/td>\n<\/tr>\n\r\n<tr><td >Kumbalaya<\/td>\n<td >Gospel<\/td>\n<td ><\/td>\n<td ><\/td>\n<td >Anglais<\/td>\n<\/tr>\n\r\n<tr><td >Lascia Ch&rsquo;io Pianga<\/td>\n<td >A. Hill<\/td>\n<td >G.F. Haendel<\/td>\n<td >P. Calmelet<\/td>\n<td >Italien<\/td>\n<\/tr>\n\r\n<tr><td >Leise Rieselt Der Schnee<\/td>\n<td >No\u00ebl<\/td>\n<td ><\/td>\n<td >A. Paolucci<\/td>\n<td >Allemand<\/td>\n<\/tr>\n\r\n<tr><td >Lentamente<\/td>\n<td >P. Bon<\/td>\n<td ><\/td>\n<td ><\/td>\n<td >Italien<\/td>\n<\/tr>\n\r\n<tr><td >Luci Care<\/td>\n<td >W.A. Mozart<\/td>\n<td >W.A. Mozart<\/td>\n<td ><\/td>\n<td >Italien<\/td>\n<\/tr>\n\r\n<tr><td >Ma\u00ebva<\/td>\n<td >Tahiti<\/td>\n<td ><\/td>\n<td >A. Paolucci<\/td>\n<td >Tahitien<\/td>\n<\/tr>\n\r\n<tr><td >Merci<\/td>\n<td >J. Lemay<\/td>\n<td ><\/td>\n<td ><\/td>\n<td >Fran\u00e7ais<\/td>\n<\/tr>\n\r\n<tr><td >Le M\u00e9t\u00e8que<\/td>\n<td >G. Moustaki<\/td>\n<td ><\/td>\n<td >A. Paolucci<\/td>\n<td >Fran\u00e7ais<\/td>\n<\/tr>\n\r\n<tr><td >La Montagne<\/td>\n<td >J. Ferrat<\/td>\n<td ><\/td>\n<td ><\/td>\n<td >Fran\u00e7ais<\/td>\n<\/tr>\n\r\n<tr><td >La Montanara<\/td>\n<td ><\/td>\n<td >G. Ortelli<\/td>\n<td ><\/td>\n<td >Italien<\/td>\n<\/tr>\n\r\n<tr><td >Nabucco<\/td>\n<td >G. Verdi<\/td>\n<td ><\/td>\n<td ><\/td>\n<td >Italien<\/td>\n<\/tr>\n\r\n<tr><td >No\u00ebl<\/td>\n<td >Praetorius<\/td>\n<td ><\/td>\n<td ><\/td>\n<td >Fran\u00e7ais<\/td>\n<\/tr>\n\r\n<tr><td >Les Nomades<\/td>\n<td >L. Aragon<\/td>\n<td >J. Ferrat<\/td>\n<td >Christian P<\/td>\n<td >Fran\u00e7ais<\/td>\n<\/tr>\n\r\n<tr><td >Ho\u00e9 Ana<\/td>\n<td >Tahiti<\/td>\n<td ><\/td>\n<td ><\/td>\n<td >Tahitien<\/td>\n<\/tr>\n\r\n<tr><td >Panis Angelicus<\/td>\n<td ><\/td>\n<td >C. Franck<\/td>\n<td ><\/td>\n<td >Latin<\/td>\n<\/tr>\n\r\n<tr><td >Les Petits Caf\u00e9s<\/td>\n<td >A. Vanderlove<\/td>\n<td ><\/td>\n<td >J. Frochot<\/td>\n<td >Fran\u00e7ais<\/td>\n<\/tr>\n\r\n<tr><td >La Pri\u00e8re S\u00e9villane<\/td>\n<td >R. De Leon<\/td>\n<td >J. Pareja-Obregon<\/td>\n<td ><\/td>\n<td >Espagnol<\/td>\n<\/tr>\n\r\n<tr><td >S&rsquo;enfuir et Apr\u00e8s<\/td>\n<td >J.J. Revaux<\/td>\n<td >M. Sardou<\/td>\n<td >G.Turcotte<\/td>\n<td >Fran\u00e7ais<\/td>\n<\/tr>\n\r\n<tr><td >Signore delle Cime<\/td>\n<td ><\/td>\n<td >B. De Marzy<\/td>\n<td ><\/td>\n<td >Italien<\/td>\n<\/tr>\n\r\n<tr><td >Souliko<\/td>\n<td > Trad. G\u00e9orgie<\/td>\n<td ><\/td>\n<td >A. Paolucci<\/td>\n<td >Russe<\/td>\n<\/tr>\n\r\n<tr><td >Sur un th\u00e8me de L. Cohen<\/td>\n<td >M. Bois<\/td>\n<td >A. Paolucci<\/td>\n<td >A. Paolucci<\/td>\n<td >Fran\u00e7ais<\/td>\n<\/tr>\n\r\n<tr><td >Tabortuznel<\/td>\n<td >M. Miklos<\/td>\n<td ><\/td>\n<td >L. Bardos<\/td>\n<td >Fran\u00e7ais<\/td>\n<\/tr>\n\r\n<tr><td >Tece Voda Tece<\/td>\n<td >Trad. Tch\u00e8que<\/td>\n<td ><\/td>\n<td ><\/td>\n<td >Tch\u00e8que<\/td>\n<\/tr>\n\r\n<tr><td >This Little Light of Mine<\/td>\n<td >Gospel<\/td>\n<td ><\/td>\n<td ><\/td>\n<td >Anglais<\/td>\n<\/tr>\n\r\n<tr><td >Tibi\u00e9 Pa\u00efom<\/td>\n<td >Lithurgie Orthodoxe<\/td>\n<td >D. Bornanski<\/td>\n<td ><\/td>\n<td >Russe<\/td>\n<\/tr>\n\r\n<tr><td >Trois Petites Notes de Musique<\/td>\n<td ><\/td>\n<td >G. Delerue<\/td>\n<td ><\/td>\n<td >Fran\u00e7ais<\/td>\n<\/tr>\n\r\n<tr><td >Vino Griego<\/td>\n<td ><\/td>\n<td ><\/td>\n<td ><\/td>\n<td >Espagnol<\/td>\n<\/tr>\n<\/tbody><\/table><\/div>\n","protected":false},"excerpt":{"rendered":"<p>Le r\u00e9pertoire Depuis sa cr\u00e9ation, le ch\u0153ur a interpr\u00e9t\u00e9 plus d\u2019une centaine d\u2019\u0153uvres, classiques ou de vari\u00e9t\u00e9s fran\u00e7aises et \u00e9trang\u00e8res. La plupart des chants ont \u00e9t\u00e9 emprunt\u00e9s au r\u00e9pertoire de cr\u00e9ateurs et \u00e9diteurs de musique classique ou contemporaine. Quelques-uns ont &hellip; <a href=\"https:\/\/www.choeurdesecrins.fr\/?page_id=20\">Continuer la lecture <span class=\"meta-nav\">&rarr;<\/span><\/a><\/p>\n","protected":false},"author":3,"featured_media":0,"parent":0,"menu_order":9,"comment_status":"closed","ping_status":"closed","template":"","meta":{"footnotes":""},"_links":{"self":[{"href":"https:\/\/www.choeurdesecrins.fr\/index.php?rest_route=\/wp\/v2\/pages\/20"}],"collection":[{"href":"https:\/\/www.choeurdesecrins.fr\/index.php?rest_route=\/wp\/v2\/pages"}],"about":[{"href":"https:\/\/www.choeurdesecrins.fr\/index.php?rest_route=\/wp\/v2\/types\/page"}],"author":[{"embeddable":true,"href":"https:\/\/www.choeurdesecrins.fr\/index.php?rest_route=\/wp\/v2\/users\/3"}],"replies":[{"embeddable":true,"href":"https:\/\/www.choeurdesecrins.fr\/index.php?rest_route=%2Fwp%2Fv2%2Fcomments&post=20"}],"version-history":[{"count":4,"href":"https:\/\/www.choeurdesecrins.fr\/index.php?rest_route=\/wp\/v2\/pages\/20\/revisions"}],"predecessor-version":[{"id":342,"href":"https:\/\/www.choeurdesecrins.fr\/index.php?rest_route=\/wp\/v2\/pages\/20\/revisions\/342"}],"wp:attachment":[{"href":"https:\/\/www.choeurdesecrins.fr\/index.php?rest_route=%2Fwp%2Fv2%2Fmedia&parent=20"}],"curies":[{"name":"wp","href":"https:\/\/api.w.org\/{rel}","templated":true}]}}