{"id":14,"date":"2012-10-27T13:21:31","date_gmt":"2012-10-27T12:21:31","guid":{"rendered":"http:\/\/choeurdesecrins.wordpress.com\/?page_id=14"},"modified":"2013-11-27T19:29:23","modified_gmt":"2013-11-27T18:29:23","slug":"vie-du-choeur","status":"publish","type":"page","link":"https:\/\/www.choeurdesecrins.fr\/?page_id=14","title":{"rendered":"Vie du choeur"},"content":{"rendered":"<p><a href=\" http:\/\/www.choeurdesecrins.fr\/?page_id=430\">Assembl\u00e9e g\u00e9n\u00e9rale du 22 novembre : Salle polyvalente de Valbonnais<\/a><\/p>\n<p>La Vie du Choeur des Ecrins<\/p>\n<p>En douze ans, le ch\u0153ur a organis\u00e9 et particip\u00e9 \u00e0 environ 120 concerts, seul ou en compagnie d\u2019autres intervenants, localement et dans les cantons limitrophes, mais \u00e9galement \u00e0 l\u2019ext\u00e9rieur du d\u00e9partement et du territoire national.<\/p>\n<p>Il a notamment \u00e9t\u00e9 invit\u00e9 au printemps 2006, en Bavi\u00e8re et en R\u00e9publique Tch\u00e8que, aux floralies comm\u00e9moratives du jumelage de la ville de la Mure avec son homologue allemande de Marktredwitz.<\/p>\n<p>Il a \u00e9t\u00e9 invit\u00e9 en d\u00e9cembre 2011 \u00e0 Savona (Italie) \u00e0 partager le concert de No\u00ebl avec \u00ab\u00a0la Corale alpina savonese\u00a0\u00bb Choeur d&rsquo;hommes de la cit\u00e9 ligure plac\u00e9 sous la direction d&rsquo;Eugenio Alipede.<\/p>\n<p>Il a particip\u00e9 les 1er juin 2013 \u00e0 un concert au Sanctuaire du Selvaggio (Italie) en compagnie du \u00ab\u00a0Coro Valsangone\u00a0\u00bb de Giaveno re\u00e7u en 2012 \u00e0 Notre-Dame de la Salette et le 2 juin \u00e0 la messe dominicale de la \u00ab\u00a0Sacra di San Michele\u00a0\u00bb Basilique romane qui domine la vall\u00e9e de la Dora \u00e0 l&rsquo;entr\u00e9e de la plaine du Po.<\/p>\n<p><a href=\"http:\/\/www.choeurdesecrins.fr\/wp-content\/uploads\/2013\/04\/vc1.jpg\"><img loading=\"lazy\" decoding=\"async\" class=\"alignleft size-medium wp-image-112\" alt=\"vc1.jpg\" src=\"http:\/\/www.choeurdesecrins.fr\/wp-content\/uploads\/2013\/04\/vc1-300x225.jpg\" width=\"300\" height=\"225\" srcset=\"https:\/\/www.choeurdesecrins.fr\/wp-content\/uploads\/2013\/04\/vc1-300x225.jpg 300w, https:\/\/www.choeurdesecrins.fr\/wp-content\/uploads\/2013\/04\/vc1-624x468.jpg 624w, https:\/\/www.choeurdesecrins.fr\/wp-content\/uploads\/2013\/04\/vc1.jpg 800w\" sizes=\"(max-width: 300px) 100vw, 300px\" \/><\/a><\/p>\n<p>&nbsp;<\/p>\n<p>&nbsp;<\/p>\n<p>&nbsp;<\/p>\n<p>&nbsp;<\/p>\n<p>&nbsp;<\/p>\n<p>&nbsp;<\/p>\n<p><em>Les floralies de Marktredwitz<\/em><\/p>\n<p><a href=\"http:\/\/www.choeurdesecrins.fr\/wp-content\/uploads\/2013\/04\/vc2.jpg\"><img loading=\"lazy\" decoding=\"async\" class=\"alignleft size-medium wp-image-113\" alt=\"vc2.jpg\" src=\"http:\/\/www.choeurdesecrins.fr\/wp-content\/uploads\/2013\/04\/vc2-300x225.jpg\" width=\"300\" height=\"225\" srcset=\"https:\/\/www.choeurdesecrins.fr\/wp-content\/uploads\/2013\/04\/vc2-300x225.jpg 300w, https:\/\/www.choeurdesecrins.fr\/wp-content\/uploads\/2013\/04\/vc2-624x468.jpg 624w, https:\/\/www.choeurdesecrins.fr\/wp-content\/uploads\/2013\/04\/vc2.jpg 800w\" sizes=\"(max-width: 300px) 100vw, 300px\" \/><\/a><\/p>\n<p><a href=\"http:\/\/www.choeurdesecrins.fr\/wp-content\/uploads\/2013\/04\/vc3.jpg\"><img loading=\"lazy\" decoding=\"async\" class=\"alignleft size-medium wp-image-114\" alt=\"vc3.jpg\" src=\"http:\/\/www.choeurdesecrins.fr\/wp-content\/uploads\/2013\/04\/vc3-300x225.jpg\" width=\"300\" height=\"225\" srcset=\"https:\/\/www.choeurdesecrins.fr\/wp-content\/uploads\/2013\/04\/vc3-300x225.jpg 300w, https:\/\/www.choeurdesecrins.fr\/wp-content\/uploads\/2013\/04\/vc3-624x468.jpg 624w, https:\/\/www.choeurdesecrins.fr\/wp-content\/uploads\/2013\/04\/vc3.jpg 800w\" sizes=\"(max-width: 300px) 100vw, 300px\" \/><\/a><\/p>\n<p>&nbsp;<\/p>\n<p>&nbsp;<\/p>\n<p>&nbsp;<\/p>\n<p>&nbsp;<\/p>\n<p>&nbsp;<\/p>\n<p>&nbsp;<\/p>\n<p>&nbsp;<\/p>\n<p>&nbsp;<\/p>\n<p>&nbsp;<\/p>\n<p>&nbsp;<\/p>\n<p>&nbsp;<\/p>\n<p><em>Avec le Maire de Marktredwitz<\/em><\/p>\n<p><a href=\"http:\/\/www.choeurdesecrins.fr\/wp-content\/uploads\/2013\/04\/vc4.jpg\"><img loading=\"lazy\" decoding=\"async\" class=\"alignleft size-medium wp-image-115\" alt=\"vc4.jpg\" src=\"http:\/\/www.choeurdesecrins.fr\/wp-content\/uploads\/2013\/04\/vc4-300x225.jpg\" width=\"300\" height=\"225\" srcset=\"https:\/\/www.choeurdesecrins.fr\/wp-content\/uploads\/2013\/04\/vc4-300x225.jpg 300w, https:\/\/www.choeurdesecrins.fr\/wp-content\/uploads\/2013\/04\/vc4-624x468.jpg 624w, https:\/\/www.choeurdesecrins.fr\/wp-content\/uploads\/2013\/04\/vc4.jpg 800w\" sizes=\"(max-width: 300px) 100vw, 300px\" \/><\/a><\/p>\n<p>&nbsp;<\/p>\n<p>&nbsp;<\/p>\n<p>&nbsp;<\/p>\n<p>&nbsp;<\/p>\n<p>&nbsp;<\/p>\n<p>&nbsp;<\/p>\n<p><em>Harmonie du Tyrol<\/em><\/p>\n<p>&nbsp;<\/p>\n<p>Il a particip\u00e9 \u00e0 de nombreuses manifestations, spontan\u00e9es parfois, au profit d\u2019\u0153uvres socioculturelles ou pour r\u00e9pondre \u00e0 l\u2019urgence d\u2019une aide \u00e0 des populations sinistr\u00e9es.<\/p>\n<p><a href=\"http:\/\/www.choeurdesecrins.fr\/wp-content\/uploads\/2013\/04\/vc5.jpg\"><img loading=\"lazy\" decoding=\"async\" class=\"alignleft size-medium wp-image-116\" alt=\"vc5.jpg\" src=\"http:\/\/www.choeurdesecrins.fr\/wp-content\/uploads\/2013\/04\/vc5-300x225.jpg\" width=\"300\" height=\"225\" srcset=\"https:\/\/www.choeurdesecrins.fr\/wp-content\/uploads\/2013\/04\/vc5-300x225.jpg 300w, https:\/\/www.choeurdesecrins.fr\/wp-content\/uploads\/2013\/04\/vc5-624x468.jpg 624w, https:\/\/www.choeurdesecrins.fr\/wp-content\/uploads\/2013\/04\/vc5.jpg 800w\" sizes=\"(max-width: 300px) 100vw, 300px\" \/><\/a><\/p>\n<p>&nbsp;<\/p>\n<p>&nbsp;<\/p>\n<p>&nbsp;<\/p>\n<p>&nbsp;<\/p>\n<p>&nbsp;<\/p>\n<p>&nbsp;<\/p>\n<p><em>R\u00e9ception du Ch\u0153ur d\u2019Oyonnax<\/em><\/p>\n<p>&nbsp;<\/p>\n<p>Il organise depuis deux ans, un concert \u00e0 l\u2019occasion de la f\u00eate de la musique, dans le canton, avec la venue d\u2019artistes c\u00e9l\u00e8bres et de qualit\u00e9.<\/p>\n<p>Ainsi en 2007, il a re\u00e7u la violoniste grenobloise Ma\u00eft\u00e9 Louis pour un concert exceptionnel en l\u2019\u00e9glise de Valbonnais.<\/p>\n<p><a href=\"http:\/\/www.choeurdesecrins.fr\/wp-content\/uploads\/2013\/04\/vc6-maite-louis.jpg\"><img loading=\"lazy\" decoding=\"async\" class=\"alignleft size-medium wp-image-117\" alt=\"vc6-maite-louis.jpg\" src=\"http:\/\/www.choeurdesecrins.fr\/wp-content\/uploads\/2013\/04\/vc6-maite-louis-300x225.jpg\" width=\"300\" height=\"225\" srcset=\"https:\/\/www.choeurdesecrins.fr\/wp-content\/uploads\/2013\/04\/vc6-maite-louis-300x225.jpg 300w, https:\/\/www.choeurdesecrins.fr\/wp-content\/uploads\/2013\/04\/vc6-maite-louis-624x468.jpg 624w, https:\/\/www.choeurdesecrins.fr\/wp-content\/uploads\/2013\/04\/vc6-maite-louis.jpg 800w\" sizes=\"(max-width: 300px) 100vw, 300px\" \/><\/a><\/p>\n<p>&nbsp;<\/p>\n<p>&nbsp;<\/p>\n<p>&nbsp;<\/p>\n<p>&nbsp;<\/p>\n<p>&nbsp;<\/p>\n<p>&nbsp;<\/p>\n<p><em>F\u00eate de la musique 2007 avec Ma\u00eft\u00e9 Louis<\/em><\/p>\n<p>&nbsp;<\/p>\n<p><a href=\"http:\/\/www.choeurdesecrins.fr\/wp-content\/uploads\/2013\/04\/vc7-plan-deau.jpg\"><img loading=\"lazy\" decoding=\"async\" class=\"alignleft size-medium wp-image-118\" alt=\"vc7-plan-deau.jpg\" src=\"http:\/\/www.choeurdesecrins.fr\/wp-content\/uploads\/2013\/04\/vc7-plan-deau-300x225.jpg\" width=\"300\" height=\"225\" srcset=\"https:\/\/www.choeurdesecrins.fr\/wp-content\/uploads\/2013\/04\/vc7-plan-deau-300x225.jpg 300w, https:\/\/www.choeurdesecrins.fr\/wp-content\/uploads\/2013\/04\/vc7-plan-deau-624x468.jpg 624w, https:\/\/www.choeurdesecrins.fr\/wp-content\/uploads\/2013\/04\/vc7-plan-deau.jpg 800w\" sizes=\"(max-width: 300px) 100vw, 300px\" \/><\/a><\/p>\n<p>&nbsp;<\/p>\n<p>&nbsp;<\/p>\n<p>&nbsp;<\/p>\n<p>&nbsp;<\/p>\n<p>&nbsp;<\/p>\n<p>&nbsp;<\/p>\n<p><em>\u00a0F\u00eate de la musique 2007 au plan d\u2019eau<\/em><\/p>\n<p>&nbsp;<\/p>\n<p><a href=\"http:\/\/www.choeurdesecrins.fr\/wp-content\/uploads\/2013\/04\/vc8-yum-kin.jpg\"><img loading=\"lazy\" decoding=\"async\" class=\"alignleft size-medium wp-image-119\" alt=\"vc8-yum-kin.jpg\" src=\"http:\/\/www.choeurdesecrins.fr\/wp-content\/uploads\/2013\/04\/vc8-yum-kin-300x225.jpg\" width=\"300\" height=\"225\" srcset=\"https:\/\/www.choeurdesecrins.fr\/wp-content\/uploads\/2013\/04\/vc8-yum-kin-300x225.jpg 300w, https:\/\/www.choeurdesecrins.fr\/wp-content\/uploads\/2013\/04\/vc8-yum-kin-624x468.jpg 624w, https:\/\/www.choeurdesecrins.fr\/wp-content\/uploads\/2013\/04\/vc8-yum-kin.jpg 800w\" sizes=\"(max-width: 300px) 100vw, 300px\" \/><\/a><\/p>\n<p>&nbsp;<\/p>\n<p>&nbsp;<\/p>\n<p>&nbsp;<\/p>\n<p>&nbsp;<\/p>\n<p>&nbsp;<\/p>\n<p>&nbsp;<\/p>\n<p><em>Avec le groupe \u00ab Yum Kin \u00bb<\/em><\/p>\n<p>&nbsp;<\/p>\n<p><a href=\"http:\/\/www.choeurdesecrins.fr\/wp-content\/uploads\/2013\/04\/vc9-italie.jpg\"><img loading=\"lazy\" decoding=\"async\" class=\"alignleft size-medium wp-image-120\" alt=\"vc9-italie.jpg\" src=\"http:\/\/www.choeurdesecrins.fr\/wp-content\/uploads\/2013\/04\/vc9-italie-300x225.jpg\" width=\"300\" height=\"225\" srcset=\"https:\/\/www.choeurdesecrins.fr\/wp-content\/uploads\/2013\/04\/vc9-italie-300x225.jpg 300w, https:\/\/www.choeurdesecrins.fr\/wp-content\/uploads\/2013\/04\/vc9-italie-624x468.jpg 624w, https:\/\/www.choeurdesecrins.fr\/wp-content\/uploads\/2013\/04\/vc9-italie.jpg 800w\" sizes=\"(max-width: 300px) 100vw, 300px\" \/><\/a><\/p>\n<p>&nbsp;<\/p>\n<p>&nbsp;<\/p>\n<p>&nbsp;<\/p>\n<p>&nbsp;<\/p>\n<p>&nbsp;<\/p>\n<p>&nbsp;<\/p>\n<p><em>Voyage en Italie<\/em><\/p>\n<p>&nbsp;<\/p>\n<p><a href=\"http:\/\/www.choeurdesecrins.fr\/wp-content\/uploads\/2013\/04\/vc10-sousville.jpg\"><img loading=\"lazy\" decoding=\"async\" class=\"alignleft size-medium wp-image-121\" alt=\"vc10-sousville.jpg\" src=\"http:\/\/www.choeurdesecrins.fr\/wp-content\/uploads\/2013\/04\/vc10-sousville-300x225.jpg\" width=\"300\" height=\"225\" srcset=\"https:\/\/www.choeurdesecrins.fr\/wp-content\/uploads\/2013\/04\/vc10-sousville-300x225.jpg 300w, https:\/\/www.choeurdesecrins.fr\/wp-content\/uploads\/2013\/04\/vc10-sousville-624x468.jpg 624w, https:\/\/www.choeurdesecrins.fr\/wp-content\/uploads\/2013\/04\/vc10-sousville.jpg 800w\" sizes=\"(max-width: 300px) 100vw, 300px\" \/><\/a><\/p>\n<p>&nbsp;<\/p>\n<p>&nbsp;<\/p>\n<p>&nbsp;<\/p>\n<p>&nbsp;<\/p>\n<p>&nbsp;<\/p>\n<p>&nbsp;<\/p>\n<p><em>3\u00e8me mi-temps de Sousville le 10 Novembre 2007<\/em><\/p>\n<p>&nbsp;<\/p>\n<p><a href=\"http:\/\/www.choeurdesecrins.fr\/wp-content\/uploads\/2013\/04\/vc11-voeux.jpg\"><img loading=\"lazy\" decoding=\"async\" class=\"alignleft size-medium wp-image-122\" alt=\"vc11-voeux.jpg\" src=\"http:\/\/www.choeurdesecrins.fr\/wp-content\/uploads\/2013\/04\/vc11-voeux-300x225.jpg\" width=\"300\" height=\"225\" srcset=\"https:\/\/www.choeurdesecrins.fr\/wp-content\/uploads\/2013\/04\/vc11-voeux-300x225.jpg 300w, https:\/\/www.choeurdesecrins.fr\/wp-content\/uploads\/2013\/04\/vc11-voeux-624x468.jpg 624w, https:\/\/www.choeurdesecrins.fr\/wp-content\/uploads\/2013\/04\/vc11-voeux.jpg 800w\" sizes=\"(max-width: 300px) 100vw, 300px\" \/><\/a><\/p>\n<p>&nbsp;<\/p>\n<p>&nbsp;<\/p>\n<p>&nbsp;<\/p>\n<p>&nbsp;<\/p>\n<p>&nbsp;<\/p>\n<p>&nbsp;<\/p>\n<p><em>V\u0153ux 2008 avec Madame Vigne, alors Maire d\u2019Oris en Rattier<\/em><\/p>\n<p>&nbsp;<\/p>\n<p><a href=\"http:\/\/www.choeurdesecrins.fr\/wp-content\/uploads\/2013\/04\/vc12-tirage.jpg\"><img loading=\"lazy\" decoding=\"async\" class=\"alignleft size-medium wp-image-123\" alt=\"vc12 tirage\" src=\"http:\/\/www.choeurdesecrins.fr\/wp-content\/uploads\/2013\/04\/vc12-tirage-300x225.jpg\" width=\"300\" height=\"225\" srcset=\"https:\/\/www.choeurdesecrins.fr\/wp-content\/uploads\/2013\/04\/vc12-tirage-300x225.jpg 300w, https:\/\/www.choeurdesecrins.fr\/wp-content\/uploads\/2013\/04\/vc12-tirage-624x468.jpg 624w, https:\/\/www.choeurdesecrins.fr\/wp-content\/uploads\/2013\/04\/vc12-tirage.jpg 800w\" sizes=\"(max-width: 300px) 100vw, 300px\" \/><\/a><\/p>\n<p>&nbsp;<\/p>\n<p>&nbsp;<\/p>\n<p>&nbsp;<\/p>\n<p>&nbsp;<\/p>\n<p>&nbsp;<\/p>\n<p>&nbsp;<\/p>\n<p><em>Tirage des rois 2008<\/em><\/p>\n<p>&nbsp;<\/p>\n<p><a href=\"http:\/\/www.choeurdesecrins.fr\/wp-content\/uploads\/2013\/04\/vc13-cadeaux.jpg\"><img loading=\"lazy\" decoding=\"async\" class=\"alignleft size-medium wp-image-124\" alt=\"vc13-cadeaux.jpg\" src=\"http:\/\/www.choeurdesecrins.fr\/wp-content\/uploads\/2013\/04\/vc13-cadeaux-300x225.jpg\" width=\"300\" height=\"225\" srcset=\"https:\/\/www.choeurdesecrins.fr\/wp-content\/uploads\/2013\/04\/vc13-cadeaux-300x225.jpg 300w, https:\/\/www.choeurdesecrins.fr\/wp-content\/uploads\/2013\/04\/vc13-cadeaux-624x468.jpg 624w, https:\/\/www.choeurdesecrins.fr\/wp-content\/uploads\/2013\/04\/vc13-cadeaux.jpg 800w\" sizes=\"(max-width: 300px) 100vw, 300px\" \/><\/a><\/p>\n<p>&nbsp;<\/p>\n<p>&nbsp;<\/p>\n<p>&nbsp;<\/p>\n<p>&nbsp;<\/p>\n<p>&nbsp;<\/p>\n<p>&nbsp;<\/p>\n<p><em>Remise des cadeaux F\u00e9vrier 2008 \u00e0 Poisat<\/em><\/p>\n<p>&nbsp;<\/p>\n<p>Il a re\u00e7u les 20 et 21 juin 2008, le \u00ab Coro dei Alpi Cozie \u00bb, groupe vocal italien de Suse, compos\u00e9 d\u2019une soixantaine d\u2019hommes, qui a d\u00e9j\u00e0 fait le tour de la plan\u00e8te, sous la direction du Chef Don Walter Mori, pour deux concerts \u00e0 Valbonnais et \u00e0 Moulin-vieux.<\/p>\n","protected":false},"excerpt":{"rendered":"<p>Assembl\u00e9e g\u00e9n\u00e9rale du 22 novembre : Salle polyvalente de Valbonnais La Vie du Choeur des Ecrins En douze ans, le ch\u0153ur a organis\u00e9 et particip\u00e9 \u00e0 environ 120 concerts, seul ou en compagnie d\u2019autres intervenants, localement et dans les cantons &hellip; <a href=\"https:\/\/www.choeurdesecrins.fr\/?page_id=14\">Continuer la lecture <span class=\"meta-nav\">&rarr;<\/span><\/a><\/p>\n","protected":false},"author":3,"featured_media":0,"parent":0,"menu_order":5,"comment_status":"closed","ping_status":"closed","template":"","meta":{"footnotes":""},"_links":{"self":[{"href":"https:\/\/www.choeurdesecrins.fr\/index.php?rest_route=\/wp\/v2\/pages\/14"}],"collection":[{"href":"https:\/\/www.choeurdesecrins.fr\/index.php?rest_route=\/wp\/v2\/pages"}],"about":[{"href":"https:\/\/www.choeurdesecrins.fr\/index.php?rest_route=\/wp\/v2\/types\/page"}],"author":[{"embeddable":true,"href":"https:\/\/www.choeurdesecrins.fr\/index.php?rest_route=\/wp\/v2\/users\/3"}],"replies":[{"embeddable":true,"href":"https:\/\/www.choeurdesecrins.fr\/index.php?rest_route=%2Fwp%2Fv2%2Fcomments&post=14"}],"version-history":[{"count":11,"href":"https:\/\/www.choeurdesecrins.fr\/index.php?rest_route=\/wp\/v2\/pages\/14\/revisions"}],"predecessor-version":[{"id":166,"href":"https:\/\/www.choeurdesecrins.fr\/index.php?rest_route=\/wp\/v2\/pages\/14\/revisions\/166"}],"wp:attachment":[{"href":"https:\/\/www.choeurdesecrins.fr\/index.php?rest_route=%2Fwp%2Fv2%2Fmedia&parent=14"}],"curies":[{"name":"wp","href":"https:\/\/api.w.org\/{rel}","templated":true}]}}