{"id":22,"date":"2012-10-27T13:23:42","date_gmt":"2012-10-27T12:23:42","guid":{"rendered":"http:\/\/choeurdesecrins.wordpress.com\/?page_id=22"},"modified":"2013-07-21T09:46:18","modified_gmt":"2013-07-21T08:46:18","slug":"quelques-titres","status":"publish","type":"page","link":"http:\/\/www.choeurdesecrins.fr\/?page_id=22","title":{"rendered":"Quelques titres"},"content":{"rendered":"<p>Quelques extraits enregistr\u00e9s par le Choeur des Ecrins<\/p>\n<p>(cliquez sur la fl\u00e8che pour \u00e9couter le morceau)<\/p>\n<p><div class=\"compact_audio_player_wrapper\"><div class=\"sc_player_container1\"><input type=\"button\" id=\"btnplay_69e02600b51768.43192049\" class=\"myButton_play\" onClick=\"play_mp3('play','69e02600b51768.43192049','http:\/\/www.choeurdesecrins.fr\/wp-content\/uploads\/2013\/07\/06-Piste-06.mp3','80','false');show_hide('play','69e02600b51768.43192049');\" \/><input type=\"button\"  id=\"btnstop_69e02600b51768.43192049\" style=\"display:none\" class=\"myButton_stop\" onClick=\"play_mp3('stop','69e02600b51768.43192049','','80','false');show_hide('stop','69e02600b51768.43192049');\" \/><div id=\"sm2-container\"><!-- flash movie ends up here --><\/div><\/div><\/div> Signore delle Cime<\/p>\n<p><div class=\"compact_audio_player_wrapper\"><div class=\"sc_player_container1\"><input type=\"button\" id=\"btnplay_69e02600b612d9.59421742\" class=\"myButton_play\" onClick=\"play_mp3('play','69e02600b612d9.59421742','http:\/\/www.choeurdesecrins.fr\/wp-content\/uploads\/2013\/07\/07-Piste-07.mp3','80','false');show_hide('play','69e02600b612d9.59421742');\" \/><input type=\"button\"  id=\"btnstop_69e02600b612d9.59421742\" style=\"display:none\" class=\"myButton_stop\" onClick=\"play_mp3('stop','69e02600b612d9.59421742','','80','false');show_hide('stop','69e02600b612d9.59421742');\" \/><div id=\"sm2-container\"><!-- flash movie ends up here --><\/div><\/div><\/div> Bala\u00efo<\/p>\n<p><div class=\"compact_audio_player_wrapper\"><div class=\"sc_player_container1\"><input type=\"button\" id=\"btnplay_69e02600b761f8.27463696\" class=\"myButton_play\" onClick=\"play_mp3('play','69e02600b761f8.27463696','http:\/\/www.choeurdesecrins.fr\/wp-content\/uploads\/2013\/07\/08-Piste-08.mp3','80','false');show_hide('play','69e02600b761f8.27463696');\" \/><input type=\"button\"  id=\"btnstop_69e02600b761f8.27463696\" style=\"display:none\" class=\"myButton_stop\" onClick=\"play_mp3('stop','69e02600b761f8.27463696','','80','false');show_hide('stop','69e02600b761f8.27463696');\" \/><div id=\"sm2-container\"><!-- flash movie ends up here --><\/div><\/div><\/div> Cielito Lindo<\/p>\n<p><div class=\"compact_audio_player_wrapper\"><div class=\"sc_player_container1\"><input type=\"button\" id=\"btnplay_69e02600b8b8b4.21782988\" class=\"myButton_play\" onClick=\"play_mp3('play','69e02600b8b8b4.21782988','http:\/\/www.choeurdesecrins.fr\/wp-content\/uploads\/2013\/07\/09-Piste-09.mp3','80','false');show_hide('play','69e02600b8b8b4.21782988');\" \/><input type=\"button\"  id=\"btnstop_69e02600b8b8b4.21782988\" style=\"display:none\" class=\"myButton_stop\" onClick=\"play_mp3('stop','69e02600b8b8b4.21782988','','80','false');show_hide('stop','69e02600b8b8b4.21782988');\" \/><div id=\"sm2-container\"><!-- flash movie ends up here --><\/div><\/div><\/div> I Have A Dream<\/p>\n<p><div class=\"compact_audio_player_wrapper\"><div class=\"sc_player_container1\"><input type=\"button\" id=\"btnplay_69e02600ba0e50.50438777\" class=\"myButton_play\" onClick=\"play_mp3('play','69e02600ba0e50.50438777','http:\/\/www.choeurdesecrins.fr\/wp-content\/uploads\/2013\/07\/11-Piste-11.mp3','80','false');show_hide('play','69e02600ba0e50.50438777');\" \/><input type=\"button\"  id=\"btnstop_69e02600ba0e50.50438777\" style=\"display:none\" class=\"myButton_stop\" onClick=\"play_mp3('stop','69e02600ba0e50.50438777','','80','false');show_hide('stop','69e02600ba0e50.50438777');\" \/><div id=\"sm2-container\"><!-- flash movie ends up here --><\/div><\/div><\/div> Ave Verum<\/p>\n<p><div class=\"compact_audio_player_wrapper\"><div class=\"sc_player_container1\"><input type=\"button\" id=\"btnplay_69e02600bb0b82.80886268\" class=\"myButton_play\" onClick=\"play_mp3('play','69e02600bb0b82.80886268','http:\/\/www.choeurdesecrins.fr\/wp-content\/uploads\/2013\/07\/12-Piste-12.mp3','80','false');show_hide('play','69e02600bb0b82.80886268');\" \/><input type=\"button\"  id=\"btnstop_69e02600bb0b82.80886268\" style=\"display:none\" class=\"myButton_stop\" onClick=\"play_mp3('stop','69e02600bb0b82.80886268','','80','false');show_hide('stop','69e02600bb0b82.80886268');\" \/><div id=\"sm2-container\"><!-- flash movie ends up here --><\/div><\/div><\/div> Aimer \u00e0 perdre la raison<\/p>\n<p><div class=\"compact_audio_player_wrapper\"><div class=\"sc_player_container1\"><input type=\"button\" id=\"btnplay_69e02600bc1050.65057323\" class=\"myButton_play\" onClick=\"play_mp3('play','69e02600bc1050.65057323','http:\/\/www.choeurdesecrins.fr\/wp-content\/uploads\/2013\/07\/13-Piste-13.mp3','80','false');show_hide('play','69e02600bc1050.65057323');\" \/><input type=\"button\"  id=\"btnstop_69e02600bc1050.65057323\" style=\"display:none\" class=\"myButton_stop\" onClick=\"play_mp3('stop','69e02600bc1050.65057323','','80','false');show_hide('stop','69e02600bc1050.65057323');\" \/><div id=\"sm2-container\"><!-- flash movie ends up here --><\/div><\/div><\/div> Ave Maria<\/p>\n<p><div class=\"compact_audio_player_wrapper\"><div class=\"sc_player_container1\"><input type=\"button\" id=\"btnplay_69e02600bcf760.39524840\" class=\"myButton_play\" onClick=\"play_mp3('play','69e02600bcf760.39524840','http:\/\/www.choeurdesecrins.fr\/wp-content\/uploads\/2013\/07\/14-Piste-14.mp3','80','false');show_hide('play','69e02600bcf760.39524840');\" \/><input type=\"button\"  id=\"btnstop_69e02600bcf760.39524840\" style=\"display:none\" class=\"myButton_stop\" onClick=\"play_mp3('stop','69e02600bcf760.39524840','','80','false');show_hide('stop','69e02600bcf760.39524840');\" \/><div id=\"sm2-container\"><!-- flash movie ends up here --><\/div><\/div><\/div> Le Facteur<\/p>\n<p><div class=\"compact_audio_player_wrapper\"><div class=\"sc_player_container1\"><input type=\"button\" id=\"btnplay_69e02600be5621.55393912\" class=\"myButton_play\" onClick=\"play_mp3('play','69e02600be5621.55393912','http:\/\/www.choeurdesecrins.fr\/wp-content\/uploads\/2013\/07\/15-Piste-15.mp3','80','false');show_hide('play','69e02600be5621.55393912');\" \/><input type=\"button\"  id=\"btnstop_69e02600be5621.55393912\" style=\"display:none\" class=\"myButton_stop\" onClick=\"play_mp3('stop','69e02600be5621.55393912','','80','false');show_hide('stop','69e02600be5621.55393912');\" \/><div id=\"sm2-container\"><!-- flash movie ends up here --><\/div><\/div><\/div> Il est un coin de France<\/p>\n<p><div class=\"compact_audio_player_wrapper\"><div class=\"sc_player_container1\"><input type=\"button\" id=\"btnplay_69e02600c02a74.50213531\" class=\"myButton_play\" onClick=\"play_mp3('play','69e02600c02a74.50213531','http:\/\/www.choeurdesecrins.fr\/wp-content\/uploads\/2013\/07\/03-Piste-03.mp3','80','false');show_hide('play','69e02600c02a74.50213531');\" \/><input type=\"button\"  id=\"btnstop_69e02600c02a74.50213531\" style=\"display:none\" class=\"myButton_stop\" onClick=\"play_mp3('stop','69e02600c02a74.50213531','','80','false');show_hide('stop','69e02600c02a74.50213531');\" \/><div id=\"sm2-container\"><!-- flash movie ends up here --><\/div><\/div><\/div> Le M\u00e9t\u00e8que<\/p>\n<p><div class=\"compact_audio_player_wrapper\"><div class=\"sc_player_container1\"><input type=\"button\" id=\"btnplay_69e02600c1b4d0.88740601\" class=\"myButton_play\" onClick=\"play_mp3('play','69e02600c1b4d0.88740601','http:\/\/www.choeurdesecrins.fr\/wp-content\/uploads\/2013\/07\/04-Piste-04.mp3','80','false');show_hide('play','69e02600c1b4d0.88740601');\" \/><input type=\"button\"  id=\"btnstop_69e02600c1b4d0.88740601\" style=\"display:none\" class=\"myButton_stop\" onClick=\"play_mp3('stop','69e02600c1b4d0.88740601','','80','false');show_hide('stop','69e02600c1b4d0.88740601');\" \/><div id=\"sm2-container\"><!-- flash movie ends up here --><\/div><\/div><\/div> Choeur des Esclaves (Nabucco)<\/p>\n","protected":false},"excerpt":{"rendered":"<p>Quelques extraits enregistr\u00e9s par le Choeur des Ecrins (cliquez sur la fl\u00e8che pour \u00e9couter le morceau) Signore delle Cime Bala\u00efo Cielito Lindo I Have A Dream Ave Verum Aimer \u00e0 perdre la raison Ave Maria Le Facteur Il est un &hellip; <a href=\"http:\/\/www.choeurdesecrins.fr\/?page_id=22\">Continuer la lecture <span class=\"meta-nav\">&rarr;<\/span><\/a><\/p>\n","protected":false},"author":3,"featured_media":0,"parent":0,"menu_order":10,"comment_status":"closed","ping_status":"closed","template":"","meta":{"footnotes":""},"_links":{"self":[{"href":"http:\/\/www.choeurdesecrins.fr\/index.php?rest_route=\/wp\/v2\/pages\/22"}],"collection":[{"href":"http:\/\/www.choeurdesecrins.fr\/index.php?rest_route=\/wp\/v2\/pages"}],"about":[{"href":"http:\/\/www.choeurdesecrins.fr\/index.php?rest_route=\/wp\/v2\/types\/page"}],"author":[{"embeddable":true,"href":"http:\/\/www.choeurdesecrins.fr\/index.php?rest_route=\/wp\/v2\/users\/3"}],"replies":[{"embeddable":true,"href":"http:\/\/www.choeurdesecrins.fr\/index.php?rest_route=%2Fwp%2Fv2%2Fcomments&post=22"}],"version-history":[{"count":11,"href":"http:\/\/www.choeurdesecrins.fr\/index.php?rest_route=\/wp\/v2\/pages\/22\/revisions"}],"predecessor-version":[{"id":306,"href":"http:\/\/www.choeurdesecrins.fr\/index.php?rest_route=\/wp\/v2\/pages\/22\/revisions\/306"}],"wp:attachment":[{"href":"http:\/\/www.choeurdesecrins.fr\/index.php?rest_route=%2Fwp%2Fv2%2Fmedia&parent=22"}],"curies":[{"name":"wp","href":"https:\/\/api.w.org\/{rel}","templated":true}]}}